{"id":3176,"date":"2021-11-17T12:54:02","date_gmt":"2021-11-17T11:54:02","guid":{"rendered":"https:\/\/vjf.at\/u1\/?page_id=3176"},"modified":"2025-09-03T13:54:11","modified_gmt":"2025-09-03T11:54:11","slug":"kontakt","status":"publish","type":"page","link":"https:\/\/vjf.at\/u1\/kontakt\/","title":{"rendered":"Kontakt"},"content":{"rendered":"\t\t<div data-elementor-type=\"wp-page\" data-elementor-id=\"3176\" class=\"elementor elementor-3176\" data-elementor-post-type=\"page\">\n\t\t\t\t<div class=\"elementor-element elementor-element-7b7865bd e-con-full e-flex e-con e-parent\" data-id=\"7b7865bd\" data-element_type=\"container\" data-e-type=\"container\">\n\t\t\t\t<div class=\"elementor-element elementor-element-841ed31 elementor-widget elementor-widget-image\" data-id=\"841ed31\" data-element_type=\"widget\" data-e-type=\"widget\" data-widget_type=\"image.default\">\n\t\t\t\t<div class=\"elementor-widget-container\">\n\t\t\t\t\t\t\t\t\t\t\t\t\t\t\t<img fetchpriority=\"high\" decoding=\"async\" width=\"800\" height=\"889\" src=\"https:\/\/vjf.at\/u1\/wp-content\/uploads\/sites\/11\/2024\/10\/U1-921x1024.png\" class=\"attachment-large size-large wp-image-4412\" alt=\"\" srcset=\"https:\/\/vjf.at\/u1\/wp-content\/uploads\/sites\/11\/2024\/10\/U1-921x1024.png 921w, https:\/\/vjf.at\/u1\/wp-content\/uploads\/sites\/11\/2024\/10\/U1-450x500.png 450w, https:\/\/vjf.at\/u1\/wp-content\/uploads\/sites\/11\/2024\/10\/U1-270x300.png 270w, https:\/\/vjf.at\/u1\/wp-content\/uploads\/sites\/11\/2024\/10\/U1-768x854.png 768w, https:\/\/vjf.at\/u1\/wp-content\/uploads\/sites\/11\/2024\/10\/U1-1382x1536.png 1382w, https:\/\/vjf.at\/u1\/wp-content\/uploads\/sites\/11\/2024\/10\/U1-1842x2048.png 1842w\" sizes=\"(max-width: 800px) 100vw, 800px\" \/>\t\t\t\t\t\t\t\t\t\t\t\t\t\t\t<\/div>\n\t\t\t\t<\/div>\n\t\t\t\t<\/div>\n\t\t<div class=\"elementor-element elementor-element-48140927 e-con-full e-flex e-con e-parent\" data-id=\"48140927\" data-element_type=\"container\" data-e-type=\"container\">\n\t\t<div class=\"elementor-element elementor-element-27562b35 e-con-full e-flex e-con e-child\" data-id=\"27562b35\" data-element_type=\"container\" data-e-type=\"container\">\n\t\t\t\t<div class=\"elementor-element elementor-element-4d0f9baa elementor-widget elementor-widget-heading\" data-id=\"4d0f9baa\" data-element_type=\"widget\" data-e-type=\"widget\" data-widget_type=\"heading.default\">\n\t\t\t\t<div class=\"elementor-widget-container\">\n\t\t\t\t\t<h1 class=\"elementor-heading-title elementor-size-default\">Kontaktiere uns<\/h1>\t\t\t\t<\/div>\n\t\t\t\t<\/div>\n\t\t\t\t<div class=\"elementor-element elementor-element-5e706175 elementor-widget elementor-widget-text-editor\" data-id=\"5e706175\" data-element_type=\"widget\" data-e-type=\"widget\" data-widget_type=\"text-editor.default\">\n\t\t\t\t<div class=\"elementor-widget-container\">\n\t\t\t\t\t\t\t\t\t<p>Wir freuen uns, wenn du uns kontaktierst, oder zu den \u00d6ffnungszeiten im Jugendzentrum vorbeischaust.<\/p>\t\t\t\t\t\t\t\t<\/div>\n\t\t\t\t<\/div>\n\t\t\t\t<\/div>\n\t\t<div class=\"elementor-element elementor-element-38ad1d1d e-con-full e-flex e-con e-child\" data-id=\"38ad1d1d\" data-element_type=\"container\" data-e-type=\"container\" data-settings=\"{&quot;background_background&quot;:&quot;classic&quot;}\">\n\t\t\t\t<div class=\"elementor-element elementor-element-56ab4aed elementor-widget elementor-widget-image\" data-id=\"56ab4aed\" data-element_type=\"widget\" data-e-type=\"widget\" data-widget_type=\"image.default\">\n\t\t\t\t<div class=\"elementor-widget-container\">\n\t\t\t\t\t\t\t\t\t\t\t\t\t\t\t<img decoding=\"async\" width=\"1000\" height=\"866\" src=\"https:\/\/vjf.at\/u1\/wp-content\/uploads\/sites\/11\/2025\/09\/fragment-graffiti-drawings-old-wall-decorated-with-paint-stains-style-street-art-culture-colored-background-texture-warm-tones-1.png\" class=\"attachment-full size-full wp-image-4811\" alt=\"\" srcset=\"https:\/\/vjf.at\/u1\/wp-content\/uploads\/sites\/11\/2025\/09\/fragment-graffiti-drawings-old-wall-decorated-with-paint-stains-style-street-art-culture-colored-background-texture-warm-tones-1.png 1000w, https:\/\/vjf.at\/u1\/wp-content\/uploads\/sites\/11\/2025\/09\/fragment-graffiti-drawings-old-wall-decorated-with-paint-stains-style-street-art-culture-colored-background-texture-warm-tones-1-500x433.png 500w, https:\/\/vjf.at\/u1\/wp-content\/uploads\/sites\/11\/2025\/09\/fragment-graffiti-drawings-old-wall-decorated-with-paint-stains-style-street-art-culture-colored-background-texture-warm-tones-1-300x260.png 300w, https:\/\/vjf.at\/u1\/wp-content\/uploads\/sites\/11\/2025\/09\/fragment-graffiti-drawings-old-wall-decorated-with-paint-stains-style-street-art-culture-colored-background-texture-warm-tones-1-768x665.png 768w\" sizes=\"(max-width: 1000px) 100vw, 1000px\" \/>\t\t\t\t\t\t\t\t\t\t\t\t\t\t\t<\/div>\n\t\t\t\t<\/div>\n\t\t\t\t<\/div>\n\t\t\t\t<\/div>\n\t\t<div class=\"elementor-element elementor-element-9a07425 e-con-full e-flex e-con e-parent\" data-id=\"9a07425\" data-element_type=\"container\" data-e-type=\"container\" data-settings=\"{&quot;background_background&quot;:&quot;classic&quot;}\">\n\t\t<div class=\"elementor-element elementor-element-6d6bdf56 e-con-full e-flex e-con e-child\" data-id=\"6d6bdf56\" data-element_type=\"container\" data-e-type=\"container\">\n\t\t\t\t<div class=\"elementor-element elementor-element-7428c0e5 elementor-widget elementor-widget-image\" data-id=\"7428c0e5\" data-element_type=\"widget\" data-e-type=\"widget\" data-widget_type=\"image.default\">\n\t\t\t\t<div class=\"elementor-widget-container\">\n\t\t\t\t\t\t\t\t\t\t\t\t\t\t\t<img decoding=\"async\" width=\"800\" height=\"395\" src=\"https:\/\/vjf.at\/u1\/wp-content\/uploads\/sites\/11\/2025\/09\/old-wall.png\" class=\"attachment-large size-large wp-image-4770\" alt=\"\" srcset=\"https:\/\/vjf.at\/u1\/wp-content\/uploads\/sites\/11\/2025\/09\/old-wall.png 838w, https:\/\/vjf.at\/u1\/wp-content\/uploads\/sites\/11\/2025\/09\/old-wall-500x247.png 500w, https:\/\/vjf.at\/u1\/wp-content\/uploads\/sites\/11\/2025\/09\/old-wall-300x148.png 300w, https:\/\/vjf.at\/u1\/wp-content\/uploads\/sites\/11\/2025\/09\/old-wall-768x379.png 768w\" sizes=\"(max-width: 800px) 100vw, 800px\" \/>\t\t\t\t\t\t\t\t\t\t\t\t\t\t\t<\/div>\n\t\t\t\t<\/div>\n\t\t\t\t<\/div>\n\t\t<div class=\"elementor-element elementor-element-68a75931 e-con-full e-flex e-con e-child\" data-id=\"68a75931\" data-element_type=\"container\" data-e-type=\"container\">\n\t\t\t\t<div class=\"elementor-element elementor-element-3db01818 elementor-align-start elementor-icon-list--layout-traditional elementor-list-item-link-full_width elementor-widget elementor-widget-icon-list\" data-id=\"3db01818\" data-element_type=\"widget\" data-e-type=\"widget\" data-widget_type=\"icon-list.default\">\n\t\t\t\t<div class=\"elementor-widget-container\">\n\t\t\t\t\t\t\t<ul class=\"elementor-icon-list-items\">\n\t\t\t\t\t\t\t<li class=\"elementor-icon-list-item\">\n\t\t\t\t\t\t\t\t\t\t<span class=\"elementor-icon-list-text\"><b>Address:<\/b> Ferihumerstra\u00dfe 42a<\/span>\n\t\t\t\t\t\t\t\t\t<\/li>\n\t\t\t\t\t\t\t\t<li class=\"elementor-icon-list-item\">\n\t\t\t\t\t\t\t\t\t\t<span class=\"elementor-icon-list-text\"><b>\u00d6ffnungszeiten:<\/b> Di 12.00-19.00, Mi 14.00-19.00, Do 12.00-19.00, Fr 12.00-20.00, Sa 13.00-20.00<\/span>\n\t\t\t\t\t\t\t\t\t<\/li>\n\t\t\t\t\t\t\t\t<li class=\"elementor-icon-list-item\">\n\t\t\t\t\t\t\t\t\t\t<span class=\"elementor-icon-list-text\"><b>Telefon:<\/b> 0043 6507730342<\/span>\n\t\t\t\t\t\t\t\t\t<\/li>\n\t\t\t\t\t\t\t\t<li class=\"elementor-icon-list-item\">\n\t\t\t\t\t\t\t\t\t\t<span class=\"elementor-icon-list-text\"><b>Email:<\/b>u1@vjf.at<\/span>\n\t\t\t\t\t\t\t\t\t<\/li>\n\t\t\t\t\t\t<\/ul>\n\t\t\t\t\t\t<\/div>\n\t\t\t\t<\/div>\n\t\t\t\t<\/div>\n\t\t\t\t<\/div>\n\t\t<div class=\"elementor-element elementor-element-6784f77 e-con-full e-flex e-con e-parent\" data-id=\"6784f77\" data-element_type=\"container\" data-e-type=\"container\">\n\t\t<div class=\"elementor-element elementor-element-20d0d9fa e-con-full e-flex e-con e-child\" data-id=\"20d0d9fa\" data-element_type=\"container\" data-e-type=\"container\" data-settings=\"{&quot;background_background&quot;:&quot;classic&quot;}\">\n\t\t\t\t<div class=\"elementor-element elementor-element-1b87b2dd elementor-widget__width-initial elementor-widget elementor-widget-image\" data-id=\"1b87b2dd\" data-element_type=\"widget\" data-e-type=\"widget\" data-widget_type=\"image.default\">\n\t\t\t\t<div class=\"elementor-widget-container\">\n\t\t\t\t\t\t\t\t\t\t\t\t\t\t\t<img loading=\"lazy\" decoding=\"async\" width=\"1929\" height=\"2139\" src=\"https:\/\/vjf.at\/u1\/wp-content\/uploads\/sites\/11\/2024\/06\/weg-ins-U1.png\" class=\"attachment-full size-full wp-image-4252\" alt=\"\" srcset=\"https:\/\/vjf.at\/u1\/wp-content\/uploads\/sites\/11\/2024\/06\/weg-ins-U1.png 1929w, https:\/\/vjf.at\/u1\/wp-content\/uploads\/sites\/11\/2024\/06\/weg-ins-U1-451x500.png 451w, https:\/\/vjf.at\/u1\/wp-content\/uploads\/sites\/11\/2024\/06\/weg-ins-U1-923x1024.png 923w, https:\/\/vjf.at\/u1\/wp-content\/uploads\/sites\/11\/2024\/06\/weg-ins-U1-271x300.png 271w, https:\/\/vjf.at\/u1\/wp-content\/uploads\/sites\/11\/2024\/06\/weg-ins-U1-768x852.png 768w, https:\/\/vjf.at\/u1\/wp-content\/uploads\/sites\/11\/2024\/06\/weg-ins-U1-1385x1536.png 1385w, https:\/\/vjf.at\/u1\/wp-content\/uploads\/sites\/11\/2024\/06\/weg-ins-U1-1847x2048.png 1847w\" sizes=\"(max-width: 1929px) 100vw, 1929px\" \/>\t\t\t\t\t\t\t\t\t\t\t\t\t\t\t<\/div>\n\t\t\t\t<\/div>\n\t\t\t\t<\/div>\n\t\t<div class=\"elementor-element elementor-element-277d5c03 e-con-full e-flex e-con e-child\" data-id=\"277d5c03\" data-element_type=\"container\" data-e-type=\"container\">\n\t\t\t\t<div class=\"elementor-element elementor-element-22963b7f elementor-widget elementor-widget-heading\" data-id=\"22963b7f\" data-element_type=\"widget\" data-e-type=\"widget\" data-widget_type=\"heading.default\">\n\t\t\t\t<div class=\"elementor-widget-container\">\n\t\t\t\t\t<h2 class=\"elementor-heading-title elementor-size-default\">Hier sind wir<\/h2>\t\t\t\t<\/div>\n\t\t\t\t<\/div>\n\t\t\t\t<div class=\"elementor-element elementor-element-223c09db elementor-widget elementor-widget-icon-box\" data-id=\"223c09db\" data-element_type=\"widget\" data-e-type=\"widget\" data-widget_type=\"icon-box.default\">\n\t\t\t\t<div class=\"elementor-widget-container\">\n\t\t\t\t\t\t\t<div class=\"elementor-icon-box-wrapper\">\n\n\t\t\t\n\t\t\t\t\t\t<div class=\"elementor-icon-box-content\">\n\n\t\t\t\t\t\t\t\t\t<h4 class=\"elementor-icon-box-title\">\n\t\t\t\t\t\t<span  >\n\t\t\t\t\t\t\tAdresse:\t\t\t\t\t\t<\/span>\n\t\t\t\t\t<\/h4>\n\t\t\t\t\n\t\t\t\t\t\t\t\t\t<p class=\"elementor-icon-box-description\">\n\t\t\t\t\t\tFerihumerstra\u00dfe 42a, 4040 Linz.\n\n\nDu kannst uns gut mit der Stra\u00dfenbahn Linie 1 \n&amp; 2 erreichen.\nHaltestelle-&gt; Peuerbachstra\u00dfe\t\t\t\t\t<\/p>\n\t\t\t\t\n\t\t\t<\/div>\n\t\t\t\n\t\t<\/div>\n\t\t\t\t\t\t<\/div>\n\t\t\t\t<\/div>\n\t\t\t\t<div class=\"elementor-element elementor-element-306a50bf elementor-align-center elementor-widget elementor-widget-button\" data-id=\"306a50bf\" data-element_type=\"widget\" data-e-type=\"widget\" data-widget_type=\"button.default\">\n\t\t\t\t<div class=\"elementor-widget-container\">\n\t\t\t\t\t\t\t\t\t<div class=\"elementor-button-wrapper\">\n\t\t\t\t\t<a class=\"elementor-button elementor-button-link elementor-size-sm\" href=\"https:\/\/www.linzag.at\/portal\/de\/privatkunden\/unterwegs\/fahrplanauskunft\/trip?lng=de\">\n\t\t\t\t\t\t<span class=\"elementor-button-content-wrapper\">\n\t\t\t\t\t\t\t\t\t<span class=\"elementor-button-text\">Fahrplan der Linz Linien<\/span>\n\t\t\t\t\t<\/span>\n\t\t\t\t\t<\/a>\n\t\t\t\t<\/div>\n\t\t\t\t\t\t\t\t<\/div>\n\t\t\t\t<\/div>\n\t\t\t\t<\/div>\n\t\t\t\t<\/div>\n\t\t\t\t<\/div>\n\t\t","protected":false},"excerpt":{"rendered":"<p>Kontaktiere uns Wir freuen uns, wenn du uns kontaktierst, oder zu den \u00d6ffnungszeiten im Jugendzentrum vorbeischaust. Address: Ferihumerstra\u00dfe 42a \u00d6ffnungszeiten: Di 12.00-19.00, Mi 14.00-19.00, Do 12.00-19.00, Fr 12.00-20.00, Sa 13.00-20.00 Telefon: 0043 6507730342 Email:u1@vjf.at Hier sind wir Adresse: Ferihumerstra\u00dfe 42a, 4040 Linz. Du kannst uns gut mit der Stra\u00dfenbahn Linie 1 &amp; 2 erreichen. Haltestelle-&gt; [&hellip;]<\/p>\n","protected":false},"author":1,"featured_media":0,"parent":0,"menu_order":0,"comment_status":"closed","ping_status":"closed","template":"","meta":{"_acf_changed":false,"footnotes":""},"class_list":["post-3176","page","type-page","status-publish","hentry"],"acf":[],"_links":{"self":[{"href":"https:\/\/vjf.at\/u1\/wp-json\/wp\/v2\/pages\/3176","targetHints":{"allow":["GET"]}}],"collection":[{"href":"https:\/\/vjf.at\/u1\/wp-json\/wp\/v2\/pages"}],"about":[{"href":"https:\/\/vjf.at\/u1\/wp-json\/wp\/v2\/types\/page"}],"author":[{"embeddable":true,"href":"https:\/\/vjf.at\/u1\/wp-json\/wp\/v2\/users\/1"}],"replies":[{"embeddable":true,"href":"https:\/\/vjf.at\/u1\/wp-json\/wp\/v2\/comments?post=3176"}],"version-history":[{"count":0,"href":"https:\/\/vjf.at\/u1\/wp-json\/wp\/v2\/pages\/3176\/revisions"}],"wp:attachment":[{"href":"https:\/\/vjf.at\/u1\/wp-json\/wp\/v2\/media?parent=3176"}],"curies":[{"name":"wp","href":"https:\/\/api.w.org\/{rel}","templated":true}]}}