{"id":4584,"date":"2021-11-29T12:07:05","date_gmt":"2021-11-29T11:07:05","guid":{"rendered":"https:\/\/vjf.at\/streetwork-auwiesen\/?page_id=4584"},"modified":"2025-09-23T10:36:43","modified_gmt":"2025-09-23T08:36:43","slug":"kontakt","status":"publish","type":"page","link":"https:\/\/vjf.at\/streetwork-auwiesen\/kontakt\/","title":{"rendered":"Kontakt"},"content":{"rendered":"\t\t<div data-elementor-type=\"wp-page\" data-elementor-id=\"4584\" class=\"elementor elementor-4584\" data-elementor-post-type=\"page\">\n\t\t\t\t<header class=\"elementor-element elementor-element-611eeca7 e-con-full e-flex e-con e-parent\" data-id=\"611eeca7\" data-element_type=\"container\" data-e-type=\"container\">\n\t\t<div class=\"elementor-element elementor-element-4a28ed0c e-con-full e-flex e-con e-child\" data-id=\"4a28ed0c\" data-element_type=\"container\" data-e-type=\"container\">\n\t\t\t\t<div class=\"elementor-element elementor-element-1ca590fc elementor-widget__width-initial elementor-widget elementor-widget-image\" data-id=\"1ca590fc\" data-element_type=\"widget\" data-e-type=\"widget\" data-widget_type=\"image.default\">\n\t\t\t\t<div class=\"elementor-widget-container\">\n\t\t\t\t\t\t\t\t\t\t\t\t\t\t\t<img fetchpriority=\"high\" decoding=\"async\" width=\"3031\" height=\"1481\" src=\"https:\/\/vjf.at\/streetwork-auwiesen\/wp-content\/uploads\/sites\/29\/2024\/11\/Logo_swau.png\" class=\"attachment-full size-full wp-image-5341\" alt=\"\" srcset=\"https:\/\/vjf.at\/streetwork-auwiesen\/wp-content\/uploads\/sites\/29\/2024\/11\/Logo_swau.png 3031w, https:\/\/vjf.at\/streetwork-auwiesen\/wp-content\/uploads\/sites\/29\/2024\/11\/Logo_swau-300x147.png 300w, https:\/\/vjf.at\/streetwork-auwiesen\/wp-content\/uploads\/sites\/29\/2024\/11\/Logo_swau-1024x500.png 1024w, https:\/\/vjf.at\/streetwork-auwiesen\/wp-content\/uploads\/sites\/29\/2024\/11\/Logo_swau-768x375.png 768w, https:\/\/vjf.at\/streetwork-auwiesen\/wp-content\/uploads\/sites\/29\/2024\/11\/Logo_swau-1536x751.png 1536w, https:\/\/vjf.at\/streetwork-auwiesen\/wp-content\/uploads\/sites\/29\/2024\/11\/Logo_swau-2048x1001.png 2048w\" sizes=\"(max-width: 3031px) 100vw, 3031px\" \/>\t\t\t\t\t\t\t\t\t\t\t\t\t\t\t<\/div>\n\t\t\t\t<\/div>\n\t\t\t\t<\/div>\n\t\t\t\t<\/header>\n\t\t<div class=\"elementor-element elementor-element-75119c4b e-con-full e-flex e-con e-parent\" data-id=\"75119c4b\" data-element_type=\"container\" data-e-type=\"container\">\n\t\t<div class=\"elementor-element elementor-element-230db2dc e-con-full e-flex e-con e-child\" data-id=\"230db2dc\" data-element_type=\"container\" data-e-type=\"container\">\n\t\t\t\t<div class=\"elementor-element elementor-element-4d93d3c3 elementor-widget elementor-widget-heading\" data-id=\"4d93d3c3\" data-element_type=\"widget\" data-e-type=\"widget\" data-widget_type=\"heading.default\">\n\t\t\t\t<div class=\"elementor-widget-container\">\n\t\t\t\t\t<h1 class=\"elementor-heading-title elementor-size-default\">Kontaktiere uns<\/h1>\t\t\t\t<\/div>\n\t\t\t\t<\/div>\n\t\t\t\t<div class=\"elementor-element elementor-element-64a048f9 elementor-widget elementor-widget-text-editor\" data-id=\"64a048f9\" data-element_type=\"widget\" data-e-type=\"widget\" data-widget_type=\"text-editor.default\">\n\t\t\t\t<div class=\"elementor-widget-container\">\n\t\t\t\t\t\t\t\t\t<p>Wir freuen uns, wenn du uns kontaktierst, zu den \u00d6ffnungszeiten im Streetworkb\u00fcro vorbeischaust oder uns im Stadtteil ansprichst.<\/p>\t\t\t\t\t\t\t\t<\/div>\n\t\t\t\t<\/div>\n\t\t\t\t<\/div>\n\t\t<div class=\"elementor-element elementor-element-587ed99d e-con-full e-flex e-con e-child\" data-id=\"587ed99d\" data-element_type=\"container\" data-e-type=\"container\" data-settings=\"{&quot;background_background&quot;:&quot;classic&quot;}\">\n\t\t\t\t<div class=\"elementor-element elementor-element-59fcb306 elementor-widget elementor-widget-image\" data-id=\"59fcb306\" data-element_type=\"widget\" data-e-type=\"widget\" data-widget_type=\"image.default\">\n\t\t\t\t<div class=\"elementor-widget-container\">\n\t\t\t\t\t\t\t\t\t\t\t\t\t\t\t<img decoding=\"async\" width=\"1000\" height=\"866\" src=\"https:\/\/vjf.at\/streetwork-auwiesen\/wp-content\/uploads\/sites\/29\/2025\/09\/fragment-graffiti-drawings-old-wall-decorated-with-paint-stains-style-street-art-culture-colored-background-texture-warm-tones.png\" class=\"attachment-full size-full wp-image-5527\" alt=\"\" srcset=\"https:\/\/vjf.at\/streetwork-auwiesen\/wp-content\/uploads\/sites\/29\/2025\/09\/fragment-graffiti-drawings-old-wall-decorated-with-paint-stains-style-street-art-culture-colored-background-texture-warm-tones.png 1000w, https:\/\/vjf.at\/streetwork-auwiesen\/wp-content\/uploads\/sites\/29\/2025\/09\/fragment-graffiti-drawings-old-wall-decorated-with-paint-stains-style-street-art-culture-colored-background-texture-warm-tones-300x260.png 300w, https:\/\/vjf.at\/streetwork-auwiesen\/wp-content\/uploads\/sites\/29\/2025\/09\/fragment-graffiti-drawings-old-wall-decorated-with-paint-stains-style-street-art-culture-colored-background-texture-warm-tones-768x665.png 768w\" sizes=\"(max-width: 1000px) 100vw, 1000px\" \/>\t\t\t\t\t\t\t\t\t\t\t\t\t\t\t<\/div>\n\t\t\t\t<\/div>\n\t\t\t\t<\/div>\n\t\t\t\t<\/div>\n\t\t<div class=\"elementor-element elementor-element-17ef2656 e-con-full e-flex e-con e-parent\" data-id=\"17ef2656\" data-element_type=\"container\" data-e-type=\"container\" data-settings=\"{&quot;background_background&quot;:&quot;classic&quot;}\">\n\t\t<div class=\"elementor-element elementor-element-266c1b12 e-con-full e-flex e-con e-child\" data-id=\"266c1b12\" data-element_type=\"container\" data-e-type=\"container\">\n\t\t\t\t<div class=\"elementor-element elementor-element-1505926 elementor-widget elementor-widget-image\" data-id=\"1505926\" data-element_type=\"widget\" data-e-type=\"widget\" data-widget_type=\"image.default\">\n\t\t\t\t<div class=\"elementor-widget-container\">\n\t\t\t\t\t\t\t\t\t\t\t\t\t\t\t<img decoding=\"async\" width=\"800\" height=\"395\" src=\"https:\/\/vjf.at\/streetwork-auwiesen\/wp-content\/uploads\/sites\/29\/2025\/09\/old-wall.png\" class=\"attachment-large size-large wp-image-5528\" alt=\"\" srcset=\"https:\/\/vjf.at\/streetwork-auwiesen\/wp-content\/uploads\/sites\/29\/2025\/09\/old-wall.png 838w, https:\/\/vjf.at\/streetwork-auwiesen\/wp-content\/uploads\/sites\/29\/2025\/09\/old-wall-300x148.png 300w, https:\/\/vjf.at\/streetwork-auwiesen\/wp-content\/uploads\/sites\/29\/2025\/09\/old-wall-768x379.png 768w\" sizes=\"(max-width: 800px) 100vw, 800px\" \/>\t\t\t\t\t\t\t\t\t\t\t\t\t\t\t<\/div>\n\t\t\t\t<\/div>\n\t\t\t\t<\/div>\n\t\t<div class=\"elementor-element elementor-element-5f59aeb2 e-con-full e-flex e-con e-child\" data-id=\"5f59aeb2\" data-element_type=\"container\" data-e-type=\"container\">\n\t\t\t\t<div class=\"elementor-element elementor-element-3fbff647 elementor-align-start elementor-icon-list--layout-traditional elementor-list-item-link-full_width elementor-widget elementor-widget-icon-list\" data-id=\"3fbff647\" data-element_type=\"widget\" data-e-type=\"widget\" data-widget_type=\"icon-list.default\">\n\t\t\t\t<div class=\"elementor-widget-container\">\n\t\t\t\t\t\t\t<ul class=\"elementor-icon-list-items\">\n\t\t\t\t\t\t\t<li class=\"elementor-icon-list-item\">\n\t\t\t\t\t\t\t\t\t\t<span class=\"elementor-icon-list-text\"><b>Adresse:<\/b> Scharm\u00fchlwinkel 13, 4030 Linz<\/span>\n\t\t\t\t\t\t\t\t\t<\/li>\n\t\t\t\t\t\t\t\t<li class=\"elementor-icon-list-item\">\n\t\t\t\t\t\t\t\t\t\t<span class=\"elementor-icon-list-text\"><b>\u00d6ffnungszeiten:<\/b> Mittwoch: 10.00 \u2013 12.00, Donnerstag: 17.00 \u2013 19.00, Freitag: 16.00 \u2013 18.00<\/span>\n\t\t\t\t\t\t\t\t\t<\/li>\n\t\t\t\t\t\t\t\t<li class=\"elementor-icon-list-item\">\n\t\t\t\t\t\t\t\t\t\t<span class=\"elementor-icon-list-text\"><b>Telefon:<\/b> 0043 676 7731008 Michaela, 0043 676 7731009 Daniel<\/span>\n\t\t\t\t\t\t\t\t\t<\/li>\n\t\t\t\t\t\t\t\t<li class=\"elementor-icon-list-item\">\n\t\t\t\t\t\t\t\t\t\t<span class=\"elementor-icon-list-text\"><b>Email:<\/b> streetwork.auwiesen@vjf.at<\/span>\n\t\t\t\t\t\t\t\t\t<\/li>\n\t\t\t\t\t\t<\/ul>\n\t\t\t\t\t\t<\/div>\n\t\t\t\t<\/div>\n\t\t\t\t<\/div>\n\t\t\t\t<\/div>\n\t\t<div class=\"elementor-element elementor-element-77f0c6bc e-con-full e-flex e-con e-parent\" data-id=\"77f0c6bc\" data-element_type=\"container\" data-e-type=\"container\">\n\t\t<div class=\"elementor-element elementor-element-4ee59b0 e-con-full e-flex e-con e-child\" data-id=\"4ee59b0\" data-element_type=\"container\" data-e-type=\"container\" data-settings=\"{&quot;background_background&quot;:&quot;classic&quot;}\">\n\t\t\t\t<div class=\"elementor-element elementor-element-7ad466e3 elementor-widget__width-initial elementor-widget elementor-widget-image\" data-id=\"7ad466e3\" data-element_type=\"widget\" data-e-type=\"widget\" data-widget_type=\"image.default\">\n\t\t\t\t<div class=\"elementor-widget-container\">\n\t\t\t\t\t\t\t\t\t\t\t\t\t\t\t<img loading=\"lazy\" decoding=\"async\" width=\"2021\" height=\"1809\" src=\"https:\/\/vjf.at\/streetwork-auwiesen\/wp-content\/uploads\/sites\/29\/2025\/09\/Weg-Swau_neu.jpg\" class=\"attachment-full size-full wp-image-5536\" alt=\"\" srcset=\"https:\/\/vjf.at\/streetwork-auwiesen\/wp-content\/uploads\/sites\/29\/2025\/09\/Weg-Swau_neu.jpg 2021w, https:\/\/vjf.at\/streetwork-auwiesen\/wp-content\/uploads\/sites\/29\/2025\/09\/Weg-Swau_neu-300x269.jpg 300w, https:\/\/vjf.at\/streetwork-auwiesen\/wp-content\/uploads\/sites\/29\/2025\/09\/Weg-Swau_neu-1024x917.jpg 1024w, https:\/\/vjf.at\/streetwork-auwiesen\/wp-content\/uploads\/sites\/29\/2025\/09\/Weg-Swau_neu-768x687.jpg 768w, https:\/\/vjf.at\/streetwork-auwiesen\/wp-content\/uploads\/sites\/29\/2025\/09\/Weg-Swau_neu-1536x1375.jpg 1536w\" sizes=\"(max-width: 2021px) 100vw, 2021px\" \/>\t\t\t\t\t\t\t\t\t\t\t\t\t\t\t<\/div>\n\t\t\t\t<\/div>\n\t\t\t\t<\/div>\n\t\t<div class=\"elementor-element elementor-element-1f700dd6 e-con-full e-flex e-con e-child\" data-id=\"1f700dd6\" data-element_type=\"container\" data-e-type=\"container\">\n\t\t\t\t<div class=\"elementor-element elementor-element-54eea965 elementor-widget elementor-widget-heading\" data-id=\"54eea965\" data-element_type=\"widget\" data-e-type=\"widget\" data-widget_type=\"heading.default\">\n\t\t\t\t<div class=\"elementor-widget-container\">\n\t\t\t\t\t<h2 class=\"elementor-heading-title elementor-size-default\">Hier sind wir<\/h2>\t\t\t\t<\/div>\n\t\t\t\t<\/div>\n\t\t\t\t<div class=\"elementor-element elementor-element-3f708014 elementor-widget elementor-widget-icon-box\" data-id=\"3f708014\" data-element_type=\"widget\" data-e-type=\"widget\" data-widget_type=\"icon-box.default\">\n\t\t\t\t<div class=\"elementor-widget-container\">\n\t\t\t\t\t\t\t<div class=\"elementor-icon-box-wrapper\">\n\n\t\t\t\n\t\t\t\t\t\t<div class=\"elementor-icon-box-content\">\n\n\t\t\t\t\t\t\t\t\t<h4 class=\"elementor-icon-box-title\">\n\t\t\t\t\t\t<span  >\n\t\t\t\t\t\t\tAdresse:\t\t\t\t\t\t<\/span>\n\t\t\t\t\t<\/h4>\n\t\t\t\t\n\t\t\t\t\t\t\t\t\t<p class=\"elementor-icon-box-description\">\n\t\t\t\t\t\tScharm\u00fchlwinkel 13,\n4030 Linz.\nDu kannst uns gut mit dem Bus Linie 12 erreichen.\nEndhaltestelle-&gt; Auwiesen\t\t\t\t\t<\/p>\n\t\t\t\t\n\t\t\t<\/div>\n\t\t\t\n\t\t<\/div>\n\t\t\t\t\t\t<\/div>\n\t\t\t\t<\/div>\n\t\t\t\t<\/div>\n\t\t\t\t<\/div>\n\t\t\t\t<\/div>\n\t\t","protected":false},"excerpt":{"rendered":"<p>Kontaktiere uns Wir freuen uns, wenn du uns kontaktierst, zu den \u00d6ffnungszeiten im Streetworkb\u00fcro vorbeischaust oder uns im Stadtteil ansprichst. Adresse: Scharm\u00fchlwinkel 13, 4030 Linz \u00d6ffnungszeiten: Mittwoch: 10.00 \u2013 12.00, Donnerstag: 17.00 \u2013 19.00, Freitag: 16.00 \u2013 18.00 Telefon: 0043 676 7731008 Michaela, 0043 676 7731009 Daniel Email: streetwork.auwiesen@vjf.at Hier sind wir Adresse: Scharm\u00fchlwinkel 13, [&hellip;]<\/p>\n","protected":false},"author":1,"featured_media":0,"parent":0,"menu_order":0,"comment_status":"closed","ping_status":"closed","template":"","meta":{"_acf_changed":false,"footnotes":""},"class_list":["post-4584","page","type-page","status-publish","hentry"],"acf":[],"_links":{"self":[{"href":"https:\/\/vjf.at\/streetwork-auwiesen\/wp-json\/wp\/v2\/pages\/4584","targetHints":{"allow":["GET"]}}],"collection":[{"href":"https:\/\/vjf.at\/streetwork-auwiesen\/wp-json\/wp\/v2\/pages"}],"about":[{"href":"https:\/\/vjf.at\/streetwork-auwiesen\/wp-json\/wp\/v2\/types\/page"}],"author":[{"embeddable":true,"href":"https:\/\/vjf.at\/streetwork-auwiesen\/wp-json\/wp\/v2\/users\/1"}],"replies":[{"embeddable":true,"href":"https:\/\/vjf.at\/streetwork-auwiesen\/wp-json\/wp\/v2\/comments?post=4584"}],"version-history":[{"count":0,"href":"https:\/\/vjf.at\/streetwork-auwiesen\/wp-json\/wp\/v2\/pages\/4584\/revisions"}],"wp:attachment":[{"href":"https:\/\/vjf.at\/streetwork-auwiesen\/wp-json\/wp\/v2\/media?parent=4584"}],"curies":[{"name":"wp","href":"https:\/\/api.w.org\/{rel}","templated":true}]}}