{"id":2667,"date":"2021-11-23T12:20:33","date_gmt":"2021-11-23T11:20:33","guid":{"rendered":"https:\/\/vjf.at\/step\/?page_id=2667"},"modified":"2025-11-07T13:25:35","modified_gmt":"2025-11-07T12:25:35","slug":"kontakt","status":"publish","type":"page","link":"https:\/\/vjf.at\/step\/kontakt\/","title":{"rendered":"Kontakt"},"content":{"rendered":"\t\t<div data-elementor-type=\"wp-page\" data-elementor-id=\"2667\" class=\"elementor elementor-2667\" data-elementor-post-type=\"page\">\n\t\t\t\t<header class=\"elementor-element elementor-element-5216b6e8 e-con-full e-flex e-con e-parent\" data-id=\"5216b6e8\" data-element_type=\"container\" data-e-type=\"container\">\n\t\t<div class=\"elementor-element elementor-element-48aab18a e-con-full e-flex e-con e-child\" data-id=\"48aab18a\" data-element_type=\"container\" data-e-type=\"container\">\n\t\t\t\t<div class=\"elementor-element elementor-element-7298da5d elementor-widget__width-initial elementor-widget elementor-widget-image\" data-id=\"7298da5d\" data-element_type=\"widget\" data-e-type=\"widget\" data-widget_type=\"image.default\">\n\t\t\t\t<div class=\"elementor-widget-container\">\n\t\t\t\t\t\t\t\t\t\t\t\t\t\t\t<img fetchpriority=\"high\" decoding=\"async\" width=\"1342\" height=\"875\" src=\"https:\/\/vjf.at\/step\/wp-content\/uploads\/sites\/12\/2024\/11\/step_logo_cmyc.png\" class=\"attachment-full size-full wp-image-3162\" alt=\"\" srcset=\"https:\/\/vjf.at\/step\/wp-content\/uploads\/sites\/12\/2024\/11\/step_logo_cmyc.png 1342w, https:\/\/vjf.at\/step\/wp-content\/uploads\/sites\/12\/2024\/11\/step_logo_cmyc-300x196.png 300w, https:\/\/vjf.at\/step\/wp-content\/uploads\/sites\/12\/2024\/11\/step_logo_cmyc-1024x668.png 1024w, https:\/\/vjf.at\/step\/wp-content\/uploads\/sites\/12\/2024\/11\/step_logo_cmyc-768x501.png 768w\" sizes=\"(max-width: 1342px) 100vw, 1342px\" \/>\t\t\t\t\t\t\t\t\t\t\t\t\t\t\t<\/div>\n\t\t\t\t<\/div>\n\t\t\t\t<\/div>\n\t\t\t\t<\/header>\n\t\t<div class=\"elementor-element elementor-element-197e0820 e-con-full e-flex e-con e-parent\" data-id=\"197e0820\" data-element_type=\"container\" data-e-type=\"container\">\n\t\t<div class=\"elementor-element elementor-element-26879b93 e-con-full e-flex e-con e-child\" data-id=\"26879b93\" data-element_type=\"container\" data-e-type=\"container\">\n\t\t\t\t<div class=\"elementor-element elementor-element-1e417332 elementor-widget elementor-widget-heading\" data-id=\"1e417332\" data-element_type=\"widget\" data-e-type=\"widget\" data-widget_type=\"heading.default\">\n\t\t\t\t<div class=\"elementor-widget-container\">\n\t\t\t\t\t<h1 class=\"elementor-heading-title elementor-size-default\">Kontaktiere uns<\/h1>\t\t\t\t<\/div>\n\t\t\t\t<\/div>\n\t\t\t\t<div class=\"elementor-element elementor-element-48dea996 elementor-widget elementor-widget-text-editor\" data-id=\"48dea996\" data-element_type=\"widget\" data-e-type=\"widget\" data-widget_type=\"text-editor.default\">\n\t\t\t\t<div class=\"elementor-widget-container\">\n\t\t\t\t\t\t\t\t\t<p>Wir freuen uns, wenn du uns kontaktierst, zu den \u00d6ffnungszeiten im Streetworkb\u00fcro vorbeischaust oder uns im Stadtteil ansprichst.<\/p>\t\t\t\t\t\t\t\t<\/div>\n\t\t\t\t<\/div>\n\t\t\t\t<\/div>\n\t\t<div class=\"elementor-element elementor-element-35c64d71 e-con-full e-flex e-con e-child\" data-id=\"35c64d71\" data-element_type=\"container\" data-e-type=\"container\" data-settings=\"{&quot;background_background&quot;:&quot;classic&quot;}\">\n\t\t\t\t<div class=\"elementor-element elementor-element-559915c3 elementor-widget elementor-widget-image\" data-id=\"559915c3\" data-element_type=\"widget\" data-e-type=\"widget\" data-widget_type=\"image.default\">\n\t\t\t\t<div class=\"elementor-widget-container\">\n\t\t\t\t\t\t\t\t\t\t\t\t\t\t\t<img decoding=\"async\" width=\"1000\" height=\"866\" src=\"https:\/\/vjf.at\/step\/wp-content\/uploads\/sites\/12\/2025\/09\/fragment-graffiti-drawings-old-wall-decorated-with-paint-stains-style-street-art-culture-colored-background-texture-warm-tones-1.png\" class=\"attachment-full size-full wp-image-3368\" alt=\"\" srcset=\"https:\/\/vjf.at\/step\/wp-content\/uploads\/sites\/12\/2025\/09\/fragment-graffiti-drawings-old-wall-decorated-with-paint-stains-style-street-art-culture-colored-background-texture-warm-tones-1.png 1000w, https:\/\/vjf.at\/step\/wp-content\/uploads\/sites\/12\/2025\/09\/fragment-graffiti-drawings-old-wall-decorated-with-paint-stains-style-street-art-culture-colored-background-texture-warm-tones-1-300x260.png 300w, https:\/\/vjf.at\/step\/wp-content\/uploads\/sites\/12\/2025\/09\/fragment-graffiti-drawings-old-wall-decorated-with-paint-stains-style-street-art-culture-colored-background-texture-warm-tones-1-768x665.png 768w\" sizes=\"(max-width: 1000px) 100vw, 1000px\" \/>\t\t\t\t\t\t\t\t\t\t\t\t\t\t\t<\/div>\n\t\t\t\t<\/div>\n\t\t\t\t<\/div>\n\t\t\t\t<\/div>\n\t\t<div class=\"elementor-element elementor-element-2fbd2e93 e-con-full e-flex e-con e-parent\" data-id=\"2fbd2e93\" data-element_type=\"container\" data-e-type=\"container\" data-settings=\"{&quot;background_background&quot;:&quot;classic&quot;}\">\n\t\t<div class=\"elementor-element elementor-element-17465694 e-con-full e-flex e-con e-child\" data-id=\"17465694\" data-element_type=\"container\" data-e-type=\"container\">\n\t\t\t\t<div class=\"elementor-element elementor-element-1797b671 elementor-widget elementor-widget-image\" data-id=\"1797b671\" data-element_type=\"widget\" data-e-type=\"widget\" data-widget_type=\"image.default\">\n\t\t\t\t<div class=\"elementor-widget-container\">\n\t\t\t\t\t\t\t\t\t\t\t\t\t\t\t<img decoding=\"async\" width=\"800\" height=\"395\" src=\"https:\/\/vjf.at\/step\/wp-content\/uploads\/sites\/12\/2025\/09\/old-wall-1.png\" class=\"attachment-large size-large wp-image-3370\" alt=\"\" srcset=\"https:\/\/vjf.at\/step\/wp-content\/uploads\/sites\/12\/2025\/09\/old-wall-1.png 838w, https:\/\/vjf.at\/step\/wp-content\/uploads\/sites\/12\/2025\/09\/old-wall-1-300x148.png 300w, https:\/\/vjf.at\/step\/wp-content\/uploads\/sites\/12\/2025\/09\/old-wall-1-768x379.png 768w\" sizes=\"(max-width: 800px) 100vw, 800px\" \/>\t\t\t\t\t\t\t\t\t\t\t\t\t\t\t<\/div>\n\t\t\t\t<\/div>\n\t\t\t\t<\/div>\n\t\t<div class=\"elementor-element elementor-element-1a6acda6 e-con-full e-flex e-con e-child\" data-id=\"1a6acda6\" data-element_type=\"container\" data-e-type=\"container\">\n\t\t\t\t<div class=\"elementor-element elementor-element-7b352469 elementor-align-start elementor-icon-list--layout-traditional elementor-list-item-link-full_width elementor-widget elementor-widget-icon-list\" data-id=\"7b352469\" data-element_type=\"widget\" data-e-type=\"widget\" data-widget_type=\"icon-list.default\">\n\t\t\t\t<div class=\"elementor-widget-container\">\n\t\t\t\t\t\t\t<ul class=\"elementor-icon-list-items\">\n\t\t\t\t\t\t\t<li class=\"elementor-icon-list-item\">\n\t\t\t\t\t\t\t\t\t\t<span class=\"elementor-icon-list-text\"><b>Adresse:<\/b> Edmund-Aigner-Stra\u00dfe 3\/4030 Linz, Lunaplatz 4\/4030 Linz<\/span>\n\t\t\t\t\t\t\t\t\t<\/li>\n\t\t\t\t\t\t\t\t<li class=\"elementor-icon-list-item\">\n\t\t\t\t\t\t\t\t\t\t<span class=\"elementor-icon-list-text\"><b>\u00d6ffnungszeiten:<\/b> B\u00fcro Ebelsberg: Dienstag: 10:00-12:00, Freitag: 17:00-19:00, B\u00fcro Solar City Pichling:  Mittwoch: 17:00-19:00, Donnerstag: 17:00-19:00<\/span>\n\t\t\t\t\t\t\t\t\t<\/li>\n\t\t\t\t\t\t\t\t<li class=\"elementor-icon-list-item\">\n\t\t\t\t\t\t\t\t\t\t<span class=\"elementor-icon-list-text\"><b>Telefon:<\/b> Martin 0650 7730359, Wolfgang 0650 7730349, Christina 0650 7730357, Lisa 0650 7730345 <\/span>\n\t\t\t\t\t\t\t\t\t<\/li>\n\t\t\t\t\t\t\t\t<li class=\"elementor-icon-list-item\">\n\t\t\t\t\t\t\t\t\t\t<span class=\"elementor-icon-list-text\"><b>Email:<\/b> streetwork.ebelsberg@vjf.at<\/span>\n\t\t\t\t\t\t\t\t\t<\/li>\n\t\t\t\t\t\t<\/ul>\n\t\t\t\t\t\t<\/div>\n\t\t\t\t<\/div>\n\t\t\t\t<\/div>\n\t\t\t\t<\/div>\n\t\t<div class=\"elementor-element elementor-element-15f0c5e3 e-con-full e-flex e-con e-parent\" data-id=\"15f0c5e3\" data-element_type=\"container\" data-e-type=\"container\">\n\t\t<div class=\"elementor-element elementor-element-6ddaaa32 e-con-full e-flex e-con e-child\" data-id=\"6ddaaa32\" data-element_type=\"container\" data-e-type=\"container\">\n\t\t\t\t<div class=\"elementor-element elementor-element-3d64f1e4 elementor-widget elementor-widget-heading\" data-id=\"3d64f1e4\" data-element_type=\"widget\" data-e-type=\"widget\" data-widget_type=\"heading.default\">\n\t\t\t\t<div class=\"elementor-widget-container\">\n\t\t\t\t\t<h2 class=\"elementor-heading-title elementor-size-default\">So kommst du zu uns<\/h2>\t\t\t\t<\/div>\n\t\t\t\t<\/div>\n\t\t\t\t<div class=\"elementor-element elementor-element-24eecbd4 elementor-widget elementor-widget-icon-box\" data-id=\"24eecbd4\" data-element_type=\"widget\" data-e-type=\"widget\" data-widget_type=\"icon-box.default\">\n\t\t\t\t<div class=\"elementor-widget-container\">\n\t\t\t\t\t\t\t<div class=\"elementor-icon-box-wrapper\">\n\n\t\t\t\n\t\t\t\t\t\t<div class=\"elementor-icon-box-content\">\n\n\t\t\t\t\n\t\t\t\t\t\t\t\t\t<p class=\"elementor-icon-box-description\">\n\t\t\t\t\t\tDas STREETWORKb\u00fcro in der Edmund- Aigner-Stra\u00dfe in Ebelsberg ist mit der Linie 2 -&gt; Haltestelle Edmund- Aigner-Stra\u00dfe zu erreichen.\n\nDas STREETWORKb\u00fcro in der Solar City im Volkshaus, am Lunaplatz 4, ist mit der Linie 2-&gt; Haltestelle Solar City Zentrum zu erreichen\t\t\t\t\t<\/p>\n\t\t\t\t\n\t\t\t<\/div>\n\t\t\t\n\t\t<\/div>\n\t\t\t\t\t\t<\/div>\n\t\t\t\t<\/div>\n\t\t\t\t<div class=\"elementor-element elementor-element-5ccce7c elementor-align-center elementor-widget elementor-widget-button\" data-id=\"5ccce7c\" data-element_type=\"widget\" data-e-type=\"widget\" data-widget_type=\"button.default\">\n\t\t\t\t<div class=\"elementor-widget-container\">\n\t\t\t\t\t\t\t\t\t<div class=\"elementor-button-wrapper\">\n\t\t\t\t\t<a class=\"elementor-button elementor-button-link elementor-size-sm\" href=\"https:\/\/www.linzag.at\/portal\/de\/privatkunden\/unterwegs\/fahrplanauskunft\/trip?lng=de\">\n\t\t\t\t\t\t<span class=\"elementor-button-content-wrapper\">\n\t\t\t\t\t\t\t\t\t<span class=\"elementor-button-text\">Fahrplan der Linz Linien<\/span>\n\t\t\t\t\t<\/span>\n\t\t\t\t\t<\/a>\n\t\t\t\t<\/div>\n\t\t\t\t\t\t\t\t<\/div>\n\t\t\t\t<\/div>\n\t\t\t\t<\/div>\n\t\t\t\t<\/div>\n\t\t\t\t<\/div>\n\t\t","protected":false},"excerpt":{"rendered":"<p>Kontaktiere uns Wir freuen uns, wenn du uns kontaktierst, zu den \u00d6ffnungszeiten im Streetworkb\u00fcro vorbeischaust oder uns im Stadtteil ansprichst. Adresse: Edmund-Aigner-Stra\u00dfe 3\/4030 Linz, Lunaplatz 4\/4030 Linz \u00d6ffnungszeiten: B\u00fcro Ebelsberg: Dienstag: 10:00-12:00, Freitag: 17:00-19:00, B\u00fcro Solar City Pichling: Mittwoch: 17:00-19:00, Donnerstag: 17:00-19:00 Telefon: Martin 0650 7730359, Wolfgang 0650 7730349, Christina 0650 7730357, Lisa 0650 7730345 [&hellip;]<\/p>\n","protected":false},"author":1,"featured_media":0,"parent":0,"menu_order":0,"comment_status":"closed","ping_status":"closed","template":"","meta":{"_acf_changed":false,"footnotes":""},"class_list":["post-2667","page","type-page","status-publish","hentry"],"acf":[],"_links":{"self":[{"href":"https:\/\/vjf.at\/step\/wp-json\/wp\/v2\/pages\/2667","targetHints":{"allow":["GET"]}}],"collection":[{"href":"https:\/\/vjf.at\/step\/wp-json\/wp\/v2\/pages"}],"about":[{"href":"https:\/\/vjf.at\/step\/wp-json\/wp\/v2\/types\/page"}],"author":[{"embeddable":true,"href":"https:\/\/vjf.at\/step\/wp-json\/wp\/v2\/users\/1"}],"replies":[{"embeddable":true,"href":"https:\/\/vjf.at\/step\/wp-json\/wp\/v2\/comments?post=2667"}],"version-history":[{"count":3,"href":"https:\/\/vjf.at\/step\/wp-json\/wp\/v2\/pages\/2667\/revisions"}],"predecessor-version":[{"id":3411,"href":"https:\/\/vjf.at\/step\/wp-json\/wp\/v2\/pages\/2667\/revisions\/3411"}],"wp:attachment":[{"href":"https:\/\/vjf.at\/step\/wp-json\/wp\/v2\/media?parent=2667"}],"curies":[{"name":"wp","href":"https:\/\/api.w.org\/{rel}","templated":true}]}}