{"id":4452,"date":"2021-11-16T10:25:11","date_gmt":"2021-11-16T09:25:11","guid":{"rendered":"https:\/\/vjf.at\/franx\/?page_id=4452"},"modified":"2025-10-29T14:28:51","modified_gmt":"2025-10-29T13:28:51","slug":"kontakt","status":"publish","type":"page","link":"https:\/\/vjf.at\/franx\/kontakt\/","title":{"rendered":"Kontakt"},"content":{"rendered":"\t\t<div data-elementor-type=\"wp-page\" data-elementor-id=\"4452\" class=\"elementor elementor-4452\" data-elementor-post-type=\"page\">\n\t\t\t\t<header class=\"elementor-element elementor-element-f4df171 e-con-full e-flex e-con e-parent\" data-id=\"f4df171\" data-element_type=\"container\" data-e-type=\"container\">\n\t\t<div class=\"elementor-element elementor-element-5175c829 e-con-full e-flex e-con e-child\" data-id=\"5175c829\" data-element_type=\"container\" data-e-type=\"container\">\n\t\t\t\t<div class=\"elementor-element elementor-element-42ebf3fa elementor-widget__width-initial elementor-widget elementor-widget-image\" data-id=\"42ebf3fa\" data-element_type=\"widget\" data-e-type=\"widget\" data-widget_type=\"image.default\">\n\t\t\t\t<div class=\"elementor-widget-container\">\n\t\t\t\t\t\t\t\t\t\t\t\t\t\t\t<img fetchpriority=\"high\" decoding=\"async\" width=\"907\" height=\"425\" src=\"https:\/\/vjf.at\/franx\/wp-content\/uploads\/sites\/15\/2024\/11\/Franx_web.png\" class=\"attachment-full size-full wp-image-6423\" alt=\"\" srcset=\"https:\/\/vjf.at\/franx\/wp-content\/uploads\/sites\/15\/2024\/11\/Franx_web.png 907w, https:\/\/vjf.at\/franx\/wp-content\/uploads\/sites\/15\/2024\/11\/Franx_web-300x141.png 300w, https:\/\/vjf.at\/franx\/wp-content\/uploads\/sites\/15\/2024\/11\/Franx_web-768x360.png 768w\" sizes=\"(max-width: 907px) 100vw, 907px\" \/>\t\t\t\t\t\t\t\t\t\t\t\t\t\t\t<\/div>\n\t\t\t\t<\/div>\n\t\t\t\t<\/div>\n\t\t\t\t<\/header>\n\t\t<div class=\"elementor-element elementor-element-d55d63c e-con-full e-flex e-con e-parent\" data-id=\"d55d63c\" data-element_type=\"container\" data-e-type=\"container\">\n\t\t<div class=\"elementor-element elementor-element-4cfe2345 e-con-full e-flex e-con e-child\" data-id=\"4cfe2345\" data-element_type=\"container\" data-e-type=\"container\">\n\t\t\t\t<div class=\"elementor-element elementor-element-3438dbf8 elementor-widget elementor-widget-heading\" data-id=\"3438dbf8\" data-element_type=\"widget\" data-e-type=\"widget\" data-widget_type=\"heading.default\">\n\t\t\t\t<div class=\"elementor-widget-container\">\n\t\t\t\t\t<h1 class=\"elementor-heading-title elementor-size-default\">Kontaktiere uns<\/h1>\t\t\t\t<\/div>\n\t\t\t\t<\/div>\n\t\t\t\t<div class=\"elementor-element elementor-element-6c3ec34f elementor-widget elementor-widget-text-editor\" data-id=\"6c3ec34f\" data-element_type=\"widget\" data-e-type=\"widget\" data-widget_type=\"text-editor.default\">\n\t\t\t\t<div class=\"elementor-widget-container\">\n\t\t\t\t\t\t\t\t\t<p>Wir freuen uns, wenn du uns kontaktierst, oder zu den \u00d6ffnungszeiten im Jugendzentrum vorbeischaust.<\/p>\t\t\t\t\t\t\t\t<\/div>\n\t\t\t\t<\/div>\n\t\t\t\t<\/div>\n\t\t<div class=\"elementor-element elementor-element-388eed43 e-con-full e-flex e-con e-child\" data-id=\"388eed43\" data-element_type=\"container\" data-e-type=\"container\" data-settings=\"{&quot;background_background&quot;:&quot;classic&quot;}\">\n\t\t\t\t<div class=\"elementor-element elementor-element-781c7f1e elementor-widget elementor-widget-image\" data-id=\"781c7f1e\" data-element_type=\"widget\" data-e-type=\"widget\" data-widget_type=\"image.default\">\n\t\t\t\t<div class=\"elementor-widget-container\">\n\t\t\t\t\t\t\t\t\t\t\t\t\t\t\t<img decoding=\"async\" width=\"1000\" height=\"866\" src=\"https:\/\/vjf.at\/franx\/wp-content\/uploads\/sites\/15\/2025\/08\/fragment-graffiti-drawings-old-wall-decorated-with-paint-stains-style-street-art-culture-colored-background-texture-warm-tones.png\" class=\"attachment-full size-full wp-image-6729\" alt=\"\" srcset=\"https:\/\/vjf.at\/franx\/wp-content\/uploads\/sites\/15\/2025\/08\/fragment-graffiti-drawings-old-wall-decorated-with-paint-stains-style-street-art-culture-colored-background-texture-warm-tones.png 1000w, https:\/\/vjf.at\/franx\/wp-content\/uploads\/sites\/15\/2025\/08\/fragment-graffiti-drawings-old-wall-decorated-with-paint-stains-style-street-art-culture-colored-background-texture-warm-tones-300x260.png 300w, https:\/\/vjf.at\/franx\/wp-content\/uploads\/sites\/15\/2025\/08\/fragment-graffiti-drawings-old-wall-decorated-with-paint-stains-style-street-art-culture-colored-background-texture-warm-tones-768x665.png 768w\" sizes=\"(max-width: 1000px) 100vw, 1000px\" \/>\t\t\t\t\t\t\t\t\t\t\t\t\t\t\t<\/div>\n\t\t\t\t<\/div>\n\t\t\t\t<\/div>\n\t\t\t\t<\/div>\n\t\t<div class=\"elementor-element elementor-element-378a8d5f e-con-full e-flex e-con e-parent\" data-id=\"378a8d5f\" data-element_type=\"container\" data-e-type=\"container\" data-settings=\"{&quot;background_background&quot;:&quot;classic&quot;}\">\n\t\t<div class=\"elementor-element elementor-element-3b0ce401 e-con-full e-flex e-con e-child\" data-id=\"3b0ce401\" data-element_type=\"container\" data-e-type=\"container\">\n\t\t\t\t<div class=\"elementor-element elementor-element-4cd5804b elementor-widget elementor-widget-image\" data-id=\"4cd5804b\" data-element_type=\"widget\" data-e-type=\"widget\" data-widget_type=\"image.default\">\n\t\t\t\t<div class=\"elementor-widget-container\">\n\t\t\t\t\t\t\t\t\t\t\t\t\t\t\t<img decoding=\"async\" width=\"800\" height=\"395\" src=\"https:\/\/vjf.at\/franx\/wp-content\/uploads\/sites\/15\/2025\/08\/old-wall.png\" class=\"attachment-large size-large wp-image-6730\" alt=\"\" srcset=\"https:\/\/vjf.at\/franx\/wp-content\/uploads\/sites\/15\/2025\/08\/old-wall.png 838w, https:\/\/vjf.at\/franx\/wp-content\/uploads\/sites\/15\/2025\/08\/old-wall-300x148.png 300w, https:\/\/vjf.at\/franx\/wp-content\/uploads\/sites\/15\/2025\/08\/old-wall-768x379.png 768w\" sizes=\"(max-width: 800px) 100vw, 800px\" \/>\t\t\t\t\t\t\t\t\t\t\t\t\t\t\t<\/div>\n\t\t\t\t<\/div>\n\t\t\t\t<\/div>\n\t\t<div class=\"elementor-element elementor-element-6390d41a e-con-full e-flex e-con e-child\" data-id=\"6390d41a\" data-element_type=\"container\" data-e-type=\"container\">\n\t\t\t\t<div class=\"elementor-element elementor-element-35103e95 elementor-align-start elementor-icon-list--layout-traditional elementor-list-item-link-full_width elementor-widget elementor-widget-icon-list\" data-id=\"35103e95\" data-element_type=\"widget\" data-e-type=\"widget\" data-widget_type=\"icon-list.default\">\n\t\t\t\t<div class=\"elementor-widget-container\">\n\t\t\t\t\t\t\t<ul class=\"elementor-icon-list-items\">\n\t\t\t\t\t\t\t<li class=\"elementor-icon-list-item\">\n\t\t\t\t\t\t\t\t\t\t<span class=\"elementor-icon-list-text\"><b>Adresse:<\/b> Franckstra\u00dfe 10, 4020 Linz<\/span>\n\t\t\t\t\t\t\t\t\t<\/li>\n\t\t\t\t\t\t\t\t<li class=\"elementor-icon-list-item\">\n\t\t\t\t\t\t\t\t\t\t<span class=\"elementor-icon-list-text\"><b>\u00d6ffnungszeiten:<\/b> Di - Fr 14.00 - 20.00, jeden 2. Samstag 13.00 - 20.00<\/span>\n\t\t\t\t\t\t\t\t\t<\/li>\n\t\t\t\t\t\t\t\t<li class=\"elementor-icon-list-item\">\n\t\t\t\t\t\t\t\t\t\t<span class=\"elementor-icon-list-text\"><b>Telefon:<\/b> 0043 6507730348<\/span>\n\t\t\t\t\t\t\t\t\t<\/li>\n\t\t\t\t\t\t\t\t<li class=\"elementor-icon-list-item\">\n\t\t\t\t\t\t\t\t\t\t<span class=\"elementor-icon-list-text\"><b>Email:<\/b> franx@vjf.at<\/span>\n\t\t\t\t\t\t\t\t\t<\/li>\n\t\t\t\t\t\t<\/ul>\n\t\t\t\t\t\t<\/div>\n\t\t\t\t<\/div>\n\t\t\t\t<\/div>\n\t\t\t\t<\/div>\n\t\t<div class=\"elementor-element elementor-element-67babac9 e-con-full e-flex e-con e-parent\" data-id=\"67babac9\" data-element_type=\"container\" data-e-type=\"container\">\n\t\t<div class=\"elementor-element elementor-element-6473eff7 e-con-full e-flex e-con e-child\" data-id=\"6473eff7\" data-element_type=\"container\" data-e-type=\"container\" data-settings=\"{&quot;background_background&quot;:&quot;classic&quot;}\">\n\t\t\t\t<div class=\"elementor-element elementor-element-7ccc4abf elementor-widget__width-initial elementor-widget elementor-widget-image\" data-id=\"7ccc4abf\" data-element_type=\"widget\" data-e-type=\"widget\" data-widget_type=\"image.default\">\n\t\t\t\t<div class=\"elementor-widget-container\">\n\t\t\t\t\t\t\t\t\t\t\t\t\t\t\t\t<a href=\"https:\/\/vjf.at\/franx\/wp-content\/uploads\/sites\/15\/2025\/06\/Franx_plan_neu-Kopie.jpg\" data-elementor-open-lightbox=\"yes\" data-elementor-lightbox-title=\"Franx_plan_neu Kopie\" data-e-action-hash=\"#elementor-action%3Aaction%3Dlightbox%26settings%3DeyJpZCI6NjYwOSwidXJsIjoiaHR0cHM6XC9cL3ZqZi5hdFwvZnJhbnhcL3dwLWNvbnRlbnRcL3VwbG9hZHNcL3NpdGVzXC8xNVwvMjAyNVwvMDZcL0ZyYW54X3BsYW5fbmV1LUtvcGllLmpwZyJ9\">\n\t\t\t\t\t\t\t<img loading=\"lazy\" decoding=\"async\" width=\"1287\" height=\"1795\" src=\"https:\/\/vjf.at\/franx\/wp-content\/uploads\/sites\/15\/2025\/06\/Franx_plan_neu-Kopie.jpg\" class=\"attachment-full size-full wp-image-6609\" alt=\"\" srcset=\"https:\/\/vjf.at\/franx\/wp-content\/uploads\/sites\/15\/2025\/06\/Franx_plan_neu-Kopie.jpg 1287w, https:\/\/vjf.at\/franx\/wp-content\/uploads\/sites\/15\/2025\/06\/Franx_plan_neu-Kopie-215x300.jpg 215w, https:\/\/vjf.at\/franx\/wp-content\/uploads\/sites\/15\/2025\/06\/Franx_plan_neu-Kopie-734x1024.jpg 734w, https:\/\/vjf.at\/franx\/wp-content\/uploads\/sites\/15\/2025\/06\/Franx_plan_neu-Kopie-768x1071.jpg 768w, https:\/\/vjf.at\/franx\/wp-content\/uploads\/sites\/15\/2025\/06\/Franx_plan_neu-Kopie-1101x1536.jpg 1101w\" sizes=\"(max-width: 1287px) 100vw, 1287px\" \/>\t\t\t\t\t\t\t\t<\/a>\n\t\t\t\t\t\t\t\t\t\t\t\t\t\t\t<\/div>\n\t\t\t\t<\/div>\n\t\t\t\t<\/div>\n\t\t<div class=\"elementor-element elementor-element-6ef3c2e e-con-full e-flex e-con e-child\" data-id=\"6ef3c2e\" data-element_type=\"container\" data-e-type=\"container\">\n\t\t\t\t<div class=\"elementor-element elementor-element-368256ff elementor-widget elementor-widget-heading\" data-id=\"368256ff\" data-element_type=\"widget\" data-e-type=\"widget\" data-widget_type=\"heading.default\">\n\t\t\t\t<div class=\"elementor-widget-container\">\n\t\t\t\t\t<h2 class=\"elementor-heading-title elementor-size-default\">Hier sind wir<\/h2>\t\t\t\t<\/div>\n\t\t\t\t<\/div>\n\t\t\t\t<div class=\"elementor-element elementor-element-1e075dcc elementor-widget elementor-widget-icon-box\" data-id=\"1e075dcc\" data-element_type=\"widget\" data-e-type=\"widget\" data-widget_type=\"icon-box.default\">\n\t\t\t\t<div class=\"elementor-widget-container\">\n\t\t\t\t\t\t\t<div class=\"elementor-icon-box-wrapper\">\n\n\t\t\t\n\t\t\t\t\t\t<div class=\"elementor-icon-box-content\">\n\n\t\t\t\t\t\t\t\t\t<h4 class=\"elementor-icon-box-title\">\n\t\t\t\t\t\t<span  >\n\t\t\t\t\t\t\tAdresse:\t\t\t\t\t\t<\/span>\n\t\t\t\t\t<\/h4>\n\t\t\t\t\n\t\t\t\t\t\t\t\t\t<p class=\"elementor-icon-box-description\">\n\t\t\t\t\t\tFranckstra\u00dfe 10\/\n4020 Linz.\nDu kannst uns mit den Linien 27, 25 erreichen Haltestelle: Franckstra\u00dfe\t\t\t\t\t<\/p>\n\t\t\t\t\n\t\t\t<\/div>\n\t\t\t\n\t\t<\/div>\n\t\t\t\t\t\t<\/div>\n\t\t\t\t<\/div>\n\t\t\t\t<\/div>\n\t\t\t\t<\/div>\n\t\t\t\t<\/div>\n\t\t","protected":false},"excerpt":{"rendered":"<p>Kontaktiere uns Wir freuen uns, wenn du uns kontaktierst, oder zu den \u00d6ffnungszeiten im Jugendzentrum vorbeischaust. Adresse: Franckstra\u00dfe 10, 4020 Linz \u00d6ffnungszeiten: Di &#8211; Fr 14.00 &#8211; 20.00, jeden 2. Samstag 13.00 &#8211; 20.00 Telefon: 0043 6507730348 Email: franx@vjf.at Hier sind wir Adresse: Franckstra\u00dfe 10\/ 4020 Linz. Du kannst uns mit den Linien 27, 25 [&hellip;]<\/p>\n","protected":false},"author":1,"featured_media":0,"parent":0,"menu_order":0,"comment_status":"closed","ping_status":"closed","template":"","meta":{"_acf_changed":false,"footnotes":""},"class_list":["post-4452","page","type-page","status-publish","hentry"],"acf":[],"_links":{"self":[{"href":"https:\/\/vjf.at\/franx\/wp-json\/wp\/v2\/pages\/4452","targetHints":{"allow":["GET"]}}],"collection":[{"href":"https:\/\/vjf.at\/franx\/wp-json\/wp\/v2\/pages"}],"about":[{"href":"https:\/\/vjf.at\/franx\/wp-json\/wp\/v2\/types\/page"}],"author":[{"embeddable":true,"href":"https:\/\/vjf.at\/franx\/wp-json\/wp\/v2\/users\/1"}],"replies":[{"embeddable":true,"href":"https:\/\/vjf.at\/franx\/wp-json\/wp\/v2\/comments?post=4452"}],"version-history":[{"count":6,"href":"https:\/\/vjf.at\/franx\/wp-json\/wp\/v2\/pages\/4452\/revisions"}],"predecessor-version":[{"id":6809,"href":"https:\/\/vjf.at\/franx\/wp-json\/wp\/v2\/pages\/4452\/revisions\/6809"}],"wp:attachment":[{"href":"https:\/\/vjf.at\/franx\/wp-json\/wp\/v2\/media?parent=4452"}],"curies":[{"name":"wp","href":"https:\/\/api.w.org\/{rel}","templated":true}]}}