{"id":4921,"date":"2021-11-04T15:07:09","date_gmt":"2021-11-04T14:07:09","guid":{"rendered":"http:\/\/vjf.at\/club\/?page_id=4921"},"modified":"2025-09-04T10:34:01","modified_gmt":"2025-09-04T08:34:01","slug":"home","status":"publish","type":"page","link":"https:\/\/vjf.at\/club\/","title":{"rendered":"Home"},"content":{"rendered":"\t\t<div data-elementor-type=\"wp-page\" data-elementor-id=\"4921\" class=\"elementor elementor-4921\" data-elementor-post-type=\"page\">\n\t\t\t\t<div class=\"elementor-element elementor-element-7b9e1d6e e-con-full e-flex e-con e-parent\" data-id=\"7b9e1d6e\" data-element_type=\"container\" data-e-type=\"container\" data-settings=\"{&quot;background_background&quot;:&quot;classic&quot;}\">\n\t\t<div class=\"elementor-element elementor-element-22569ba1 e-con-full e-flex e-con e-child\" data-id=\"22569ba1\" data-element_type=\"container\" data-e-type=\"container\" data-settings=\"{&quot;background_background&quot;:&quot;classic&quot;}\">\n\t\t\t\t<div class=\"elementor-element elementor-element-22cf17f5 elementor-widget__width-initial elementor-widget elementor-widget-image\" data-id=\"22cf17f5\" data-element_type=\"widget\" data-e-type=\"widget\" data-widget_type=\"image.default\">\n\t\t\t\t<div class=\"elementor-widget-container\">\n\t\t\t\t\t\t\t\t\t\t\t\t\t\t\t<img fetchpriority=\"high\" decoding=\"async\" width=\"800\" height=\"800\" src=\"https:\/\/vjf.at\/club\/wp-content\/uploads\/sites\/34\/2025\/09\/Unbenannt-1.png\" class=\"attachment-large size-large wp-image-6960\" alt=\"\" srcset=\"https:\/\/vjf.at\/club\/wp-content\/uploads\/sites\/34\/2025\/09\/Unbenannt-1.png 800w, https:\/\/vjf.at\/club\/wp-content\/uploads\/sites\/34\/2025\/09\/Unbenannt-1-300x300.png 300w, https:\/\/vjf.at\/club\/wp-content\/uploads\/sites\/34\/2025\/09\/Unbenannt-1-150x150.png 150w, https:\/\/vjf.at\/club\/wp-content\/uploads\/sites\/34\/2025\/09\/Unbenannt-1-768x768.png 768w, https:\/\/vjf.at\/club\/wp-content\/uploads\/sites\/34\/2025\/09\/Unbenannt-1-500x500.png 500w\" sizes=\"(max-width: 800px) 100vw, 800px\" \/>\t\t\t\t\t\t\t\t\t\t\t\t\t\t\t<\/div>\n\t\t\t\t<\/div>\n\t\t\t\t<\/div>\n\t\t\t\t<\/div>\n\t\t<div class=\"elementor-element elementor-element-4b959a23 e-con-full e-flex e-con e-parent\" data-id=\"4b959a23\" data-element_type=\"container\" data-e-type=\"container\">\n\t\t<div class=\"elementor-element elementor-element-6b8a707b e-con-full e-flex e-con e-child\" data-id=\"6b8a707b\" data-element_type=\"container\" data-e-type=\"container\">\n\t\t\t\t<div class=\"elementor-element elementor-element-799f3abd elementor-widget elementor-widget-heading\" data-id=\"799f3abd\" data-element_type=\"widget\" data-e-type=\"widget\" data-widget_type=\"heading.default\">\n\t\t\t\t<div class=\"elementor-widget-container\">\n\t\t\t\t\t<h1 class=\"elementor-heading-title elementor-size-default\">F\u00fcr wen ist der CLUB Ebelsberg<\/h1>\t\t\t\t<\/div>\n\t\t\t\t<\/div>\n\t\t\t\t<div class=\"elementor-element elementor-element-549ef297 elementor-widget elementor-widget-text-editor\" data-id=\"549ef297\" data-element_type=\"widget\" data-e-type=\"widget\" data-widget_type=\"text-editor.default\">\n\t\t\t\t<div class=\"elementor-widget-container\">\n\t\t\t\t\t\t\t\t\t<p>Alle zwischen 12 und 18 Jahren k\u00f6nnen spontan und ohne Anmeldung w\u00e4hrend der \u00d6ffnungszeiten zu uns kommen.<br \/>Gerne mit Freundinnen und Freunden. Im Jugendclub bleibt man aber auch meist nicht lange alleine, hier lernt man schnell neue Leute kennen.<\/p>\t\t\t\t\t\t\t\t<\/div>\n\t\t\t\t<\/div>\n\t\t\t\t<div class=\"elementor-element elementor-element-3686c8d5 elementor-widget elementor-widget-heading\" data-id=\"3686c8d5\" data-element_type=\"widget\" data-e-type=\"widget\" data-widget_type=\"heading.default\">\n\t\t\t\t<div class=\"elementor-widget-container\">\n\t\t\t\t\t<h2 class=\"elementor-heading-title elementor-size-default\">\u00d6ffnungszeiten:<\/h2>\t\t\t\t<\/div>\n\t\t\t\t<\/div>\n\t\t\t\t<div class=\"elementor-element elementor-element-77b88b6d elementor-widget elementor-widget-text-editor\" data-id=\"77b88b6d\" data-element_type=\"widget\" data-e-type=\"widget\" data-widget_type=\"text-editor.default\">\n\t\t\t\t<div class=\"elementor-widget-container\">\n\t\t\t\t\t\t\t\t\t<p>Dienstag &amp; Mittwoch: 14:00-20:00<br \/>Donnerstag: 15:00-20:00<br \/>Freitag &amp; Samstag: 14:00-20:00<\/p>\t\t\t\t\t\t\t\t<\/div>\n\t\t\t\t<\/div>\n\t\t\t\t<\/div>\n\t\t<div class=\"elementor-element elementor-element-62823b98 e-con-full e-flex e-con e-child\" data-id=\"62823b98\" data-element_type=\"container\" data-e-type=\"container\" data-settings=\"{&quot;background_background&quot;:&quot;classic&quot;}\">\n\t\t\t\t<div class=\"elementor-element elementor-element-42eaffa0 elementor-widget__width-initial elementor-widget elementor-widget-image\" data-id=\"42eaffa0\" data-element_type=\"widget\" data-e-type=\"widget\" data-widget_type=\"image.default\">\n\t\t\t\t<div class=\"elementor-widget-container\">\n\t\t\t\t\t\t\t\t\t\t\t\t\t\t\t<img decoding=\"async\" width=\"800\" height=\"765\" src=\"https:\/\/vjf.at\/club\/wp-content\/uploads\/sites\/34\/2025\/09\/blonde-female-student-glasses-sitting-beside-window-making-selfie-with-classmates-portrait-friends-looking-fair-haired-girl-which-taking-photo-them-1024x979.png\" class=\"attachment-large size-large wp-image-6951\" alt=\"\" srcset=\"https:\/\/vjf.at\/club\/wp-content\/uploads\/sites\/34\/2025\/09\/blonde-female-student-glasses-sitting-beside-window-making-selfie-with-classmates-portrait-friends-looking-fair-haired-girl-which-taking-photo-them-1024x979.png 1024w, https:\/\/vjf.at\/club\/wp-content\/uploads\/sites\/34\/2025\/09\/blonde-female-student-glasses-sitting-beside-window-making-selfie-with-classmates-portrait-friends-looking-fair-haired-girl-which-taking-photo-them-300x287.png 300w, https:\/\/vjf.at\/club\/wp-content\/uploads\/sites\/34\/2025\/09\/blonde-female-student-glasses-sitting-beside-window-making-selfie-with-classmates-portrait-friends-looking-fair-haired-girl-which-taking-photo-them-150x143.png 150w, https:\/\/vjf.at\/club\/wp-content\/uploads\/sites\/34\/2025\/09\/blonde-female-student-glasses-sitting-beside-window-making-selfie-with-classmates-portrait-friends-looking-fair-haired-girl-which-taking-photo-them-768x734.png 768w, https:\/\/vjf.at\/club\/wp-content\/uploads\/sites\/34\/2025\/09\/blonde-female-student-glasses-sitting-beside-window-making-selfie-with-classmates-portrait-friends-looking-fair-haired-girl-which-taking-photo-them.png 1297w\" sizes=\"(max-width: 800px) 100vw, 800px\" \/>\t\t\t\t\t\t\t\t\t\t\t\t\t\t\t<\/div>\n\t\t\t\t<\/div>\n\t\t\t\t<\/div>\n\t\t\t\t<\/div>\n\t\t<div class=\"elementor-element elementor-element-777fa847 e-flex e-con-boxed e-con e-parent\" data-id=\"777fa847\" data-element_type=\"container\" data-e-type=\"container\">\n\t\t\t\t\t<div class=\"e-con-inner\">\n\t\t<div class=\"elementor-element elementor-element-7c713f08 e-con-full e-flex e-con e-child\" data-id=\"7c713f08\" data-element_type=\"container\" data-e-type=\"container\">\n\t\t\t\t<div class=\"elementor-element elementor-element-502d255 elementor-widget elementor-widget-image\" data-id=\"502d255\" data-element_type=\"widget\" data-e-type=\"widget\" data-widget_type=\"image.default\">\n\t\t\t\t<div class=\"elementor-widget-container\">\n\t\t\t\t\t\t\t\t\t\t\t\t\t\t\t<img decoding=\"async\" width=\"800\" height=\"802\" src=\"https:\/\/vjf.at\/club\/wp-content\/uploads\/sites\/34\/2025\/09\/high-angle-view-girl-drawing-paper-1021x1024.jpg\" class=\"attachment-large size-large wp-image-6952\" alt=\"\" srcset=\"https:\/\/vjf.at\/club\/wp-content\/uploads\/sites\/34\/2025\/09\/high-angle-view-girl-drawing-paper-1021x1024.jpg 1021w, https:\/\/vjf.at\/club\/wp-content\/uploads\/sites\/34\/2025\/09\/high-angle-view-girl-drawing-paper-300x300.jpg 300w, https:\/\/vjf.at\/club\/wp-content\/uploads\/sites\/34\/2025\/09\/high-angle-view-girl-drawing-paper-150x150.jpg 150w, https:\/\/vjf.at\/club\/wp-content\/uploads\/sites\/34\/2025\/09\/high-angle-view-girl-drawing-paper-768x770.jpg 768w, https:\/\/vjf.at\/club\/wp-content\/uploads\/sites\/34\/2025\/09\/high-angle-view-girl-drawing-paper-500x500.jpg 500w, https:\/\/vjf.at\/club\/wp-content\/uploads\/sites\/34\/2025\/09\/high-angle-view-girl-drawing-paper.jpg 1500w\" sizes=\"(max-width: 800px) 100vw, 800px\" \/>\t\t\t\t\t\t\t\t\t\t\t\t\t\t\t<\/div>\n\t\t\t\t<\/div>\n\t\t\t\t<\/div>\n\t\t<div class=\"elementor-element elementor-element-74a5bb88 e-con-full e-flex e-con e-child\" data-id=\"74a5bb88\" data-element_type=\"container\" data-e-type=\"container\">\n\t\t\t\t<div class=\"elementor-element elementor-element-6607707b elementor-widget elementor-widget-heading\" data-id=\"6607707b\" data-element_type=\"widget\" data-e-type=\"widget\" data-widget_type=\"heading.default\">\n\t\t\t\t<div class=\"elementor-widget-container\">\n\t\t\t\t\t<h2 class=\"elementor-heading-title elementor-size-default\">Was kann man im CLUB machen?<\/h2>\t\t\t\t<\/div>\n\t\t\t\t<\/div>\n\t\t\t\t<div class=\"elementor-element elementor-element-1abebe1a elementor-widget elementor-widget-text-editor\" data-id=\"1abebe1a\" data-element_type=\"widget\" data-e-type=\"widget\" data-widget_type=\"text-editor.default\">\n\t\t\t\t<div class=\"elementor-widget-container\">\n\t\t\t\t\t\t\t\t\t<p>Im CLUB gibt es viele, gute M\u00f6glichkeiten seine Zeit zu verbringen. Billard, Tischfu\u00dfballtisch, Playstation, Brettspiele sind vorhanden aber auch Workshops, Projekte und Ausfl\u00fcge finden statt. Du kannst bei uns Freunde treffen, Musik h\u00f6ren aber auch einfach nur quatschen oder chillen.<\/p><p>Schau bei uns im CLUB vorbei und mach dir selbst ein Bild von unseren Angeboten. Bei uns kannst du dich mit deinen Ideen einbringen und das Programm mitgestalten. Wir freuen uns auf dich!<\/p>\t\t\t\t\t\t\t\t<\/div>\n\t\t\t\t<\/div>\n\t\t\t\t<\/div>\n\t\t\t\t\t<\/div>\n\t\t\t\t<\/div>\n\t\t<div class=\"elementor-element elementor-element-11f712ad e-flex e-con-boxed e-con e-parent\" data-id=\"11f712ad\" data-element_type=\"container\" data-e-type=\"container\">\n\t\t\t\t\t<div class=\"e-con-inner\">\n\t\t<div class=\"elementor-element elementor-element-157de345 e-con-full e-flex e-con e-child\" data-id=\"157de345\" data-element_type=\"container\" data-e-type=\"container\">\n\t\t\t\t<div class=\"elementor-element elementor-element-268dc2f5 elementor-widget elementor-widget-heading\" data-id=\"268dc2f5\" data-element_type=\"widget\" data-e-type=\"widget\" data-widget_type=\"heading.default\">\n\t\t\t\t<div class=\"elementor-widget-container\">\n\t\t\t\t\t<h2 class=\"elementor-heading-title elementor-size-default\">Wer ist das Team im Jugendzentrum CLUB<\/h2>\t\t\t\t<\/div>\n\t\t\t\t<\/div>\n\t\t\t\t<div class=\"elementor-element elementor-element-159ce5d2 elementor-widget elementor-widget-text-editor\" data-id=\"159ce5d2\" data-element_type=\"widget\" data-e-type=\"widget\" data-widget_type=\"text-editor.default\">\n\t\t\t\t<div class=\"elementor-widget-container\">\n\t\t\t\t\t\t\t\t\t<p>Im CLUB sind Elke, Steve, Bettina und Thomas f\u00fcr dich da.<\/p><p>Wenn mal nicht alles so l\u00e4uft, wie es laufen sollte, haben wir immer offene Ohren f\u00fcr deine Anliegen.<\/p><p>Wir stehen dir mit Rat und Tat zur Seite und informieren dich gerne, wenn du Fragen hast.<\/p><p><strong>Unsere Beratungszeiten:<\/strong><\/p><p>Donnerstag: 15.00 \u2013 20.00<\/p><p>Freitag: 14.00 \u2013 18.00<\/p>\t\t\t\t\t\t\t\t<\/div>\n\t\t\t\t<\/div>\n\t\t\t\t<\/div>\n\t\t<div class=\"elementor-element elementor-element-48fc80e0 e-con-full e-flex e-con e-child\" data-id=\"48fc80e0\" data-element_type=\"container\" data-e-type=\"container\">\n\t\t\t\t<div class=\"elementor-element elementor-element-20028d04 elementor-widget elementor-widget-image\" data-id=\"20028d04\" data-element_type=\"widget\" data-e-type=\"widget\" data-widget_type=\"image.default\">\n\t\t\t\t<div class=\"elementor-widget-container\">\n\t\t\t\t\t\t\t\t\t\t\t\t\t\t\t<img loading=\"lazy\" decoding=\"async\" width=\"800\" height=\"599\" src=\"https:\/\/vjf.at\/club\/wp-content\/uploads\/sites\/34\/2025\/01\/Team_Club1-1024x767.jpg\" class=\"attachment-large size-large wp-image-6735\" alt=\"\" srcset=\"https:\/\/vjf.at\/club\/wp-content\/uploads\/sites\/34\/2025\/01\/Team_Club1-1024x767.jpg 1024w, https:\/\/vjf.at\/club\/wp-content\/uploads\/sites\/34\/2025\/01\/Team_Club1-300x225.jpg 300w, https:\/\/vjf.at\/club\/wp-content\/uploads\/sites\/34\/2025\/01\/Team_Club1-150x112.jpg 150w, https:\/\/vjf.at\/club\/wp-content\/uploads\/sites\/34\/2025\/01\/Team_Club1-768x575.jpg 768w, https:\/\/vjf.at\/club\/wp-content\/uploads\/sites\/34\/2025\/01\/Team_Club1.jpg 1156w\" sizes=\"(max-width: 800px) 100vw, 800px\" \/>\t\t\t\t\t\t\t\t\t\t\t\t\t\t\t<\/div>\n\t\t\t\t<\/div>\n\t\t\t\t<\/div>\n\t\t\t\t\t<\/div>\n\t\t\t\t<\/div>\n\t\t<div class=\"elementor-element elementor-element-7347e535 e-flex e-con-boxed e-con e-parent\" data-id=\"7347e535\" data-element_type=\"container\" data-e-type=\"container\">\n\t\t\t\t\t<div class=\"e-con-inner\">\n\t\t\t\t<div class=\"elementor-element elementor-element-6ca05f05 elementor-widget elementor-widget-heading\" data-id=\"6ca05f05\" data-element_type=\"widget\" data-e-type=\"widget\" data-widget_type=\"heading.default\">\n\t\t\t\t<div class=\"elementor-widget-container\">\n\t\t\t\t\t<h3 class=\"elementor-heading-title elementor-size-default\">Neuigkeiten aus dem CLUB<\/h3>\t\t\t\t<\/div>\n\t\t\t\t<\/div>\n\t\t\t\t<div class=\"elementor-element elementor-element-4ead32c5 elementor-widget elementor-widget-text-editor\" data-id=\"4ead32c5\" data-element_type=\"widget\" data-e-type=\"widget\" data-widget_type=\"text-editor.default\">\n\t\t\t\t<div class=\"elementor-widget-container\">\n\t\t\t\t\t\t\t\t\t<p>Aktuelle Infos zu unserem Programm und Schwerpunkten findest du auch auf unseren Social Media Seiten- follow us!<\/p>\t\t\t\t\t\t\t\t<\/div>\n\t\t\t\t<\/div>\n\t\t\t\t<div class=\"elementor-element elementor-element-64fb8f58 e-grid-align-mobile-center elementor-widget-mobile__width-inherit elementor-shape-rounded elementor-grid-0 e-grid-align-center elementor-widget elementor-widget-social-icons\" data-id=\"64fb8f58\" data-element_type=\"widget\" data-e-type=\"widget\" data-widget_type=\"social-icons.default\">\n\t\t\t\t<div class=\"elementor-widget-container\">\n\t\t\t\t\t\t\t<div class=\"elementor-social-icons-wrapper elementor-grid\" role=\"list\">\n\t\t\t\t\t\t\t<span class=\"elementor-grid-item\" role=\"listitem\">\n\t\t\t\t\t<a class=\"elementor-icon elementor-social-icon elementor-social-icon-facebook-f elementor-repeater-item-3f1b7ac\" href=\"https:\/\/www.facebook.com\/cloobebb\" target=\"_blank\">\n\t\t\t\t\t\t<span class=\"elementor-screen-only\">Facebook-f<\/span>\n\t\t\t\t\t\t<i aria-hidden=\"true\" class=\"fab fa-facebook-f\"><\/i>\t\t\t\t\t<\/a>\n\t\t\t\t<\/span>\n\t\t\t\t\t\t\t<span class=\"elementor-grid-item\" role=\"listitem\">\n\t\t\t\t\t<a class=\"elementor-icon elementor-social-icon elementor-social-icon-instagram elementor-repeater-item-5c0ce3c\" href=\"https:\/\/www.instagram.com\/jugendzentrumclub\/\" target=\"_blank\">\n\t\t\t\t\t\t<span class=\"elementor-screen-only\">Instagram<\/span>\n\t\t\t\t\t\t<i aria-hidden=\"true\" class=\"fab fa-instagram\"><\/i>\t\t\t\t\t<\/a>\n\t\t\t\t<\/span>\n\t\t\t\t\t<\/div>\n\t\t\t\t\t\t<\/div>\n\t\t\t\t<\/div>\n\t\t\t\t<div class=\"elementor-element elementor-element-3e6c9e40 elementor-grid-2 elementor-posts--align-center elementor-grid-tablet-2 elementor-grid-mobile-1 elementor-posts--thumbnail-top elementor-card-shadow-yes elementor-posts__hover-gradient elementor-widget elementor-widget-posts\" data-id=\"3e6c9e40\" data-element_type=\"widget\" data-e-type=\"widget\" data-settings=\"{&quot;cards_row_gap&quot;:{&quot;unit&quot;:&quot;px&quot;,&quot;size&quot;:40,&quot;sizes&quot;:[]},&quot;cards_columns&quot;:&quot;2&quot;,&quot;cards_columns_tablet&quot;:&quot;2&quot;,&quot;cards_columns_mobile&quot;:&quot;1&quot;,&quot;cards_row_gap_tablet&quot;:{&quot;unit&quot;:&quot;px&quot;,&quot;size&quot;:&quot;&quot;,&quot;sizes&quot;:[]},&quot;cards_row_gap_mobile&quot;:{&quot;unit&quot;:&quot;px&quot;,&quot;size&quot;:&quot;&quot;,&quot;sizes&quot;:[]}}\" data-widget_type=\"posts.cards\">\n\t\t\t\t<div class=\"elementor-widget-container\">\n\t\t\t\t\t\t\t<div class=\"elementor-posts-container elementor-posts elementor-posts--skin-cards elementor-grid\" role=\"list\">\n\t\t\t\t<article class=\"elementor-post elementor-grid-item post-7040 post type-post status-publish format-standard has-post-thumbnail hentry category-projekte\" role=\"listitem\">\n\t\t\t<div class=\"elementor-post__card\">\n\t\t\t\t<a class=\"elementor-post__thumbnail__link\" href=\"https:\/\/vjf.at\/club\/2026\/04\/on-air-juz-club-auf-radio-fro\/\" tabindex=\"-1\" ><div class=\"elementor-post__thumbnail\"><img loading=\"lazy\" decoding=\"async\" width=\"1080\" height=\"1350\" src=\"https:\/\/vjf.at\/club\/wp-content\/uploads\/sites\/34\/2026\/04\/vjf_m-speak-out-club.jpg\" class=\"attachment-full size-full wp-image-7041\" alt=\"\" srcset=\"https:\/\/vjf.at\/club\/wp-content\/uploads\/sites\/34\/2026\/04\/vjf_m-speak-out-club.jpg 1080w, https:\/\/vjf.at\/club\/wp-content\/uploads\/sites\/34\/2026\/04\/vjf_m-speak-out-club-240x300.jpg 240w, https:\/\/vjf.at\/club\/wp-content\/uploads\/sites\/34\/2026\/04\/vjf_m-speak-out-club-819x1024.jpg 819w, https:\/\/vjf.at\/club\/wp-content\/uploads\/sites\/34\/2026\/04\/vjf_m-speak-out-club-120x150.jpg 120w, https:\/\/vjf.at\/club\/wp-content\/uploads\/sites\/34\/2026\/04\/vjf_m-speak-out-club-768x960.jpg 768w\" sizes=\"(max-width: 1080px) 100vw, 1080px\" \/><\/div><\/a>\n\t\t\t\t<div class=\"elementor-post__text\">\n\t\t\t\t<h3 class=\"elementor-post__title\">\n\t\t\t<a href=\"https:\/\/vjf.at\/club\/2026\/04\/on-air-juz-club-auf-radio-fro\/\" >\n\t\t\t\tOn Air: JUZ CLUB auf Radio FRO\t\t\t<\/a>\n\t\t<\/h3>\n\t\t\t\t<div class=\"elementor-post__excerpt\">\n\t\t\t<p>Jeden dritten Mittwoch im Monat geht eine Einrichtung des Vereins Jugend und Freizeit auf Sendung \u2013 mit spannenden Themen direkt<\/p>\n\t\t<\/div>\n\t\t\n\t\t<a class=\"elementor-post__read-more\" href=\"https:\/\/vjf.at\/club\/2026\/04\/on-air-juz-club-auf-radio-fro\/\" aria-label=\"Mehr \u00fcber On Air: JUZ CLUB auf Radio FRO\" tabindex=\"-1\" >\n\t\t\tWeiterlesen \u00bb\t\t<\/a>\n\n\t\t\t\t<\/div>\n\t\t\t\t<div class=\"elementor-post__meta-data\">\n\t\t\t\t\t<span class=\"elementor-post-date\">\n\t\t\t22. April 2026\t\t<\/span>\n\t\t\t\t<\/div>\n\t\t\t\t\t<\/div>\n\t\t<\/article>\n\t\t\t\t<article class=\"elementor-post elementor-grid-item post-7037 post type-post status-publish format-standard has-post-thumbnail hentry category-projekte\" role=\"listitem\">\n\t\t\t<div class=\"elementor-post__card\">\n\t\t\t\t<a class=\"elementor-post__thumbnail__link\" href=\"https:\/\/vjf.at\/club\/2026\/04\/step-sprechstunde\/\" tabindex=\"-1\" ><div class=\"elementor-post__thumbnail\"><img loading=\"lazy\" decoding=\"async\" width=\"512\" height=\"640\" src=\"https:\/\/vjf.at\/club\/wp-content\/uploads\/sites\/34\/2026\/04\/step_sprechstunde_freitag.jpg\" class=\"attachment-full size-full wp-image-7038\" alt=\"\" srcset=\"https:\/\/vjf.at\/club\/wp-content\/uploads\/sites\/34\/2026\/04\/step_sprechstunde_freitag.jpg 512w, https:\/\/vjf.at\/club\/wp-content\/uploads\/sites\/34\/2026\/04\/step_sprechstunde_freitag-240x300.jpg 240w, https:\/\/vjf.at\/club\/wp-content\/uploads\/sites\/34\/2026\/04\/step_sprechstunde_freitag-120x150.jpg 120w\" sizes=\"(max-width: 512px) 100vw, 512px\" \/><\/div><\/a>\n\t\t\t\t<div class=\"elementor-post__text\">\n\t\t\t\t<h3 class=\"elementor-post__title\">\n\t\t\t<a href=\"https:\/\/vjf.at\/club\/2026\/04\/step-sprechstunde\/\" >\n\t\t\t\tStep-Sprechstunde\t\t\t<\/a>\n\t\t<\/h3>\n\t\t\t\t<div class=\"elementor-post__excerpt\">\n\t\t\t<p>Egal ob pers\u00f6nliche Anliegen, Gespr\u00e4che und Beratung, Bewerbungen, Termine vereinbaren oder Kl\u00e4rung von Gerichtsangelegenheiten \u2013 Streetwork Step steht euch daf\u00fcr<\/p>\n\t\t<\/div>\n\t\t\n\t\t<a class=\"elementor-post__read-more\" href=\"https:\/\/vjf.at\/club\/2026\/04\/step-sprechstunde\/\" aria-label=\"Mehr \u00fcber Step-Sprechstunde\" tabindex=\"-1\" >\n\t\t\tWeiterlesen \u00bb\t\t<\/a>\n\n\t\t\t\t<\/div>\n\t\t\t\t<div class=\"elementor-post__meta-data\">\n\t\t\t\t\t<span class=\"elementor-post-date\">\n\t\t\t22. April 2026\t\t<\/span>\n\t\t\t\t<\/div>\n\t\t\t\t\t<\/div>\n\t\t<\/article>\n\t\t\t\t<\/div>\n\t\t\n\t\t\t\t\t\t<\/div>\n\t\t\t\t<\/div>\n\t\t\t\t\t<\/div>\n\t\t\t\t<\/div>\n\t\t<footer class=\"elementor-element elementor-element-4eafd1bb e-con-full e-flex e-con e-parent\" data-id=\"4eafd1bb\" data-element_type=\"container\" data-e-type=\"container\">\n\t\t<div class=\"elementor-element elementor-element-2755d034 e-con-full e-flex e-con e-child\" data-id=\"2755d034\" data-element_type=\"container\" data-e-type=\"container\">\n\t\t\t\t<div class=\"elementor-element elementor-element-7c380893 elementor-widget__width-initial elementor-position-top elementor-widget elementor-widget-image-box\" data-id=\"7c380893\" data-element_type=\"widget\" data-e-type=\"widget\" data-widget_type=\"image-box.default\">\n\t\t\t\t<div class=\"elementor-widget-container\">\n\t\t\t\t\t<div class=\"elementor-image-box-wrapper\"><figure class=\"elementor-image-box-img\"><a href=\"http:\/\/www.vjf.at\" tabindex=\"-1\"><img loading=\"lazy\" decoding=\"async\" width=\"842\" height=\"595\" src=\"https:\/\/vjf.at\/club\/wp-content\/uploads\/sites\/34\/2025\/09\/VJF_webLogo.png\" class=\"attachment-full size-full wp-image-6955\" alt=\"\" srcset=\"https:\/\/vjf.at\/club\/wp-content\/uploads\/sites\/34\/2025\/09\/VJF_webLogo.png 842w, https:\/\/vjf.at\/club\/wp-content\/uploads\/sites\/34\/2025\/09\/VJF_webLogo-300x212.png 300w, https:\/\/vjf.at\/club\/wp-content\/uploads\/sites\/34\/2025\/09\/VJF_webLogo-150x106.png 150w, https:\/\/vjf.at\/club\/wp-content\/uploads\/sites\/34\/2025\/09\/VJF_webLogo-768x543.png 768w\" sizes=\"(max-width: 842px) 100vw, 842px\" \/><\/a><\/figure><div class=\"elementor-image-box-content\"><p class=\"elementor-image-box-description\">Der CLUB EBELSBERG ist eine Einrichtung des Vereins JUGEND &amp; FREIZEIT und bietet offene Jugendarbeit an.<\/p><\/div><\/div>\t\t\t\t<\/div>\n\t\t\t\t<\/div>\n\t\t\t\t<\/div>\n\t\t<div class=\"elementor-element elementor-element-99fc6d9 e-con-full e-flex e-con e-child\" data-id=\"99fc6d9\" data-element_type=\"container\" data-e-type=\"container\">\n\t\t\t\t<div class=\"elementor-element elementor-element-108ba4e4 elementor-align-center elementor-tablet-align-start elementor-mobile-align-start elementor-icon-list--layout-traditional elementor-list-item-link-full_width elementor-widget elementor-widget-icon-list\" data-id=\"108ba4e4\" data-element_type=\"widget\" data-e-type=\"widget\" data-widget_type=\"icon-list.default\">\n\t\t\t\t<div class=\"elementor-widget-container\">\n\t\t\t\t\t\t\t<ul class=\"elementor-icon-list-items\">\n\t\t\t\t\t\t\t<li class=\"elementor-icon-list-item\">\n\t\t\t\t\t\t\t\t\t\t\t<a href=\"tel:123-456-7890\">\n\n\t\t\t\t\t\t\t\t\t\t\t<span class=\"elementor-icon-list-text\">Kremsm\u00fcnstererstra\u00dfe 3<\/span>\n\t\t\t\t\t\t\t\t\t\t\t<\/a>\n\t\t\t\t\t\t\t\t\t<\/li>\n\t\t\t\t\t\t\t\t<li class=\"elementor-icon-list-item\">\n\t\t\t\t\t\t\t\t\t\t<span class=\"elementor-icon-list-text\">4030 Linz<\/span>\n\t\t\t\t\t\t\t\t\t<\/li>\n\t\t\t\t\t\t\t\t<li class=\"elementor-icon-list-item\">\n\t\t\t\t\t\t\t\t\t\t<span class=\"elementor-icon-list-text\">0043 650 7730346<\/span>\n\t\t\t\t\t\t\t\t\t<\/li>\n\t\t\t\t\t\t\t\t<li class=\"elementor-icon-list-item\">\n\t\t\t\t\t\t\t\t\t\t<span class=\"elementor-icon-list-text\">open: Di.+Mi. 14.00-20.00, Do. 15.00-20.00, Fr.+Sa 14.00-20.00<\/span>\n\t\t\t\t\t\t\t\t\t<\/li>\n\t\t\t\t\t\t\t\t<li class=\"elementor-icon-list-item\">\n\t\t\t\t\t\t\t\t\t\t<span class=\"elementor-icon-list-text\">club@vjf.at<\/span>\n\t\t\t\t\t\t\t\t\t<\/li>\n\t\t\t\t\t\t<\/ul>\n\t\t\t\t\t\t<\/div>\n\t\t\t\t<\/div>\n\t\t\t\t<\/div>\n\t\t<div class=\"elementor-element elementor-element-3284192b e-con-full e-flex e-con e-child\" data-id=\"3284192b\" data-element_type=\"container\" data-e-type=\"container\">\n\t\t\t\t<div class=\"elementor-element elementor-element-1281867d elementor-widget elementor-widget-heading\" data-id=\"1281867d\" data-element_type=\"widget\" data-e-type=\"widget\" data-widget_type=\"heading.default\">\n\t\t\t\t<div class=\"elementor-widget-container\">\n\t\t\t\t\t<h2 class=\"elementor-heading-title elementor-size-default\">Mein Recht- Keine Gewalt!<\/h2>\t\t\t\t<\/div>\n\t\t\t\t<\/div>\n\t\t\t\t<div class=\"elementor-element elementor-element-292a1cb9 elementor-widget elementor-widget-text-editor\" data-id=\"292a1cb9\" data-element_type=\"widget\" data-e-type=\"widget\" data-widget_type=\"text-editor.default\">\n\t\t\t\t<div class=\"elementor-widget-container\">\n\t\t\t\t\t\t\t\t\t<p>Wir arbeiten nach dem Schutzkonzept des Vereins JUGEND &amp; FREIZEIT\u00a0<\/p><p>Wenn du Gewalt erlebt hast, ist im Club ist Steve deine Ansprechperson. Du kannst dich auch anonym \u00fcber unsere SCHUTZKONZEPTSEITE an uns wenden<\/p>\t\t\t\t\t\t\t\t<\/div>\n\t\t\t\t<\/div>\n\t\t\t\t<div class=\"elementor-element elementor-element-3248837a elementor-align-center elementor-mobile-align-center elementor-widget elementor-widget-button\" data-id=\"3248837a\" data-element_type=\"widget\" data-e-type=\"widget\" data-widget_type=\"button.default\">\n\t\t\t\t<div class=\"elementor-widget-container\">\n\t\t\t\t\t\t\t\t\t<div class=\"elementor-button-wrapper\">\n\t\t\t\t\t<a class=\"elementor-button elementor-button-link elementor-size-sm\" href=\"http:\/\/www.vjf.at\/schutz\">\n\t\t\t\t\t\t<span class=\"elementor-button-content-wrapper\">\n\t\t\t\t\t\t\t\t\t<span class=\"elementor-button-text\">Schutzkonzept<\/span>\n\t\t\t\t\t<\/span>\n\t\t\t\t\t<\/a>\n\t\t\t\t<\/div>\n\t\t\t\t\t\t\t\t<\/div>\n\t\t\t\t<\/div>\n\t\t\t\t<\/div>\n\t\t\t\t<\/footer>\n\t\t\t\t<\/div>\n\t\t","protected":false},"excerpt":{"rendered":"<p>F\u00fcr wen ist der CLUB Ebelsberg Alle zwischen 12 und 18 Jahren k\u00f6nnen spontan und ohne Anmeldung w\u00e4hrend der \u00d6ffnungszeiten zu uns kommen.Gerne mit Freundinnen und Freunden. Im Jugendclub bleibt man aber auch meist nicht lange alleine, hier lernt man schnell neue Leute kennen. \u00d6ffnungszeiten: Dienstag &amp; Mittwoch: 14:00-20:00Donnerstag: 15:00-20:00Freitag &amp; Samstag: 14:00-20:00 Was kann [&hellip;]<\/p>\n","protected":false},"author":1,"featured_media":0,"parent":0,"menu_order":0,"comment_status":"closed","ping_status":"closed","template":"","meta":{"_acf_changed":false,"footnotes":""},"class_list":["post-4921","page","type-page","status-publish","hentry"],"acf":[],"_links":{"self":[{"href":"https:\/\/vjf.at\/club\/wp-json\/wp\/v2\/pages\/4921","targetHints":{"allow":["GET"]}}],"collection":[{"href":"https:\/\/vjf.at\/club\/wp-json\/wp\/v2\/pages"}],"about":[{"href":"https:\/\/vjf.at\/club\/wp-json\/wp\/v2\/types\/page"}],"author":[{"embeddable":true,"href":"https:\/\/vjf.at\/club\/wp-json\/wp\/v2\/users\/1"}],"replies":[{"embeddable":true,"href":"https:\/\/vjf.at\/club\/wp-json\/wp\/v2\/comments?post=4921"}],"version-history":[{"count":0,"href":"https:\/\/vjf.at\/club\/wp-json\/wp\/v2\/pages\/4921\/revisions"}],"wp:attachment":[{"href":"https:\/\/vjf.at\/club\/wp-json\/wp\/v2\/media?parent=4921"}],"curies":[{"name":"wp","href":"https:\/\/api.w.org\/{rel}","templated":true}]}}