{"id":102,"date":"2015-03-25T13:48:16","date_gmt":"2015-03-25T12:48:16","guid":{"rendered":"http:\/\/vjf.foop.at\/cloob\/?page_id=102"},"modified":"2025-09-04T10:55:50","modified_gmt":"2025-09-04T08:55:50","slug":"kontakt","status":"publish","type":"page","link":"https:\/\/vjf.at\/club\/kontakt\/","title":{"rendered":"Kontakt"},"content":{"rendered":"\t\t<div data-elementor-type=\"wp-page\" data-elementor-id=\"102\" class=\"elementor elementor-102\" data-elementor-post-type=\"page\">\n\t\t\t\t<header class=\"elementor-element elementor-element-1898ca7d e-con-full e-flex e-con e-parent\" data-id=\"1898ca7d\" data-element_type=\"container\" data-e-type=\"container\">\n\t\t<div class=\"elementor-element elementor-element-343107f8 e-con-full e-flex e-con e-child\" data-id=\"343107f8\" data-element_type=\"container\" data-e-type=\"container\">\n\t\t\t\t<div class=\"elementor-element elementor-element-38a5b138 elementor-widget__width-initial elementor-widget elementor-widget-image\" data-id=\"38a5b138\" data-element_type=\"widget\" data-e-type=\"widget\" data-widget_type=\"image.default\">\n\t\t\t\t<div class=\"elementor-widget-container\">\n\t\t\t\t\t\t\t\t\t\t\t\t\t\t\t<img fetchpriority=\"high\" decoding=\"async\" width=\"794\" height=\"624\" src=\"https:\/\/vjf.at\/club\/wp-content\/uploads\/sites\/34\/2024\/11\/Logo_club_web.png\" class=\"attachment-full size-full wp-image-6690\" alt=\"\" srcset=\"https:\/\/vjf.at\/club\/wp-content\/uploads\/sites\/34\/2024\/11\/Logo_club_web.png 794w, https:\/\/vjf.at\/club\/wp-content\/uploads\/sites\/34\/2024\/11\/Logo_club_web-300x236.png 300w, https:\/\/vjf.at\/club\/wp-content\/uploads\/sites\/34\/2024\/11\/Logo_club_web-150x118.png 150w, https:\/\/vjf.at\/club\/wp-content\/uploads\/sites\/34\/2024\/11\/Logo_club_web-768x604.png 768w\" sizes=\"(max-width: 794px) 100vw, 794px\" \/>\t\t\t\t\t\t\t\t\t\t\t\t\t\t\t<\/div>\n\t\t\t\t<\/div>\n\t\t\t\t<\/div>\n\t\t\t\t<\/header>\n\t\t<div class=\"elementor-element elementor-element-3faa4f2b e-con-full e-flex e-con e-parent\" data-id=\"3faa4f2b\" data-element_type=\"container\" data-e-type=\"container\">\n\t\t<div class=\"elementor-element elementor-element-2b5d1cd3 e-con-full e-flex e-con e-child\" data-id=\"2b5d1cd3\" data-element_type=\"container\" data-e-type=\"container\">\n\t\t\t\t<div class=\"elementor-element elementor-element-6b3a6425 elementor-widget elementor-widget-heading\" data-id=\"6b3a6425\" data-element_type=\"widget\" data-e-type=\"widget\" data-widget_type=\"heading.default\">\n\t\t\t\t<div class=\"elementor-widget-container\">\n\t\t\t\t\t<h1 class=\"elementor-heading-title elementor-size-default\">Kontaktiere uns<\/h1>\t\t\t\t<\/div>\n\t\t\t\t<\/div>\n\t\t\t\t<div class=\"elementor-element elementor-element-19540768 elementor-widget elementor-widget-text-editor\" data-id=\"19540768\" data-element_type=\"widget\" data-e-type=\"widget\" data-widget_type=\"text-editor.default\">\n\t\t\t\t<div class=\"elementor-widget-container\">\n\t\t\t\t\t\t\t\t\t<p>Wir freuen uns, wenn du uns kontaktierst, oder zu den \u00d6ffnungszeiten im Jugendzentrum vorbeischaust.<\/p>\t\t\t\t\t\t\t\t<\/div>\n\t\t\t\t<\/div>\n\t\t\t\t<\/div>\n\t\t<div class=\"elementor-element elementor-element-2332931e e-con-full e-flex e-con e-child\" data-id=\"2332931e\" data-element_type=\"container\" data-e-type=\"container\" data-settings=\"{&quot;background_background&quot;:&quot;classic&quot;}\">\n\t\t\t\t<div class=\"elementor-element elementor-element-25b6ec50 elementor-widget elementor-widget-image\" data-id=\"25b6ec50\" data-element_type=\"widget\" data-e-type=\"widget\" data-widget_type=\"image.default\">\n\t\t\t\t<div class=\"elementor-widget-container\">\n\t\t\t\t\t\t\t\t\t\t\t\t\t\t\t<img decoding=\"async\" width=\"1000\" height=\"866\" src=\"https:\/\/vjf.at\/club\/wp-content\/uploads\/sites\/34\/2025\/09\/fragment-graffiti-drawings-old-wall-decorated-with-paint-stains-style-street-art-culture-colored-background-texture-warm-tones-1.png\" class=\"attachment-full size-full wp-image-7002\" alt=\"\" srcset=\"https:\/\/vjf.at\/club\/wp-content\/uploads\/sites\/34\/2025\/09\/fragment-graffiti-drawings-old-wall-decorated-with-paint-stains-style-street-art-culture-colored-background-texture-warm-tones-1.png 1000w, https:\/\/vjf.at\/club\/wp-content\/uploads\/sites\/34\/2025\/09\/fragment-graffiti-drawings-old-wall-decorated-with-paint-stains-style-street-art-culture-colored-background-texture-warm-tones-1-300x260.png 300w, https:\/\/vjf.at\/club\/wp-content\/uploads\/sites\/34\/2025\/09\/fragment-graffiti-drawings-old-wall-decorated-with-paint-stains-style-street-art-culture-colored-background-texture-warm-tones-1-150x130.png 150w, https:\/\/vjf.at\/club\/wp-content\/uploads\/sites\/34\/2025\/09\/fragment-graffiti-drawings-old-wall-decorated-with-paint-stains-style-street-art-culture-colored-background-texture-warm-tones-1-768x665.png 768w\" sizes=\"(max-width: 1000px) 100vw, 1000px\" \/>\t\t\t\t\t\t\t\t\t\t\t\t\t\t\t<\/div>\n\t\t\t\t<\/div>\n\t\t\t\t<\/div>\n\t\t\t\t<\/div>\n\t\t<div class=\"elementor-element elementor-element-143f1d9a e-con-full e-flex e-con e-parent\" data-id=\"143f1d9a\" data-element_type=\"container\" data-e-type=\"container\" data-settings=\"{&quot;background_background&quot;:&quot;classic&quot;}\">\n\t\t<div class=\"elementor-element elementor-element-9a15988 e-con-full e-flex e-con e-child\" data-id=\"9a15988\" data-element_type=\"container\" data-e-type=\"container\">\n\t\t\t\t<div class=\"elementor-element elementor-element-250563ad elementor-widget elementor-widget-image\" data-id=\"250563ad\" data-element_type=\"widget\" data-e-type=\"widget\" data-widget_type=\"image.default\">\n\t\t\t\t<div class=\"elementor-widget-container\">\n\t\t\t\t\t\t\t\t\t\t\t\t\t\t\t<img decoding=\"async\" width=\"800\" height=\"411\" src=\"https:\/\/vjf.at\/club\/wp-content\/uploads\/sites\/34\/2025\/09\/juz-1024x526.png\" class=\"attachment-large size-large wp-image-6961\" alt=\"\" srcset=\"https:\/\/vjf.at\/club\/wp-content\/uploads\/sites\/34\/2025\/09\/juz-1024x526.png 1024w, https:\/\/vjf.at\/club\/wp-content\/uploads\/sites\/34\/2025\/09\/juz-300x154.png 300w, https:\/\/vjf.at\/club\/wp-content\/uploads\/sites\/34\/2025\/09\/juz-150x77.png 150w, https:\/\/vjf.at\/club\/wp-content\/uploads\/sites\/34\/2025\/09\/juz-768x394.png 768w, https:\/\/vjf.at\/club\/wp-content\/uploads\/sites\/34\/2025\/09\/juz-1536x789.png 1536w, https:\/\/vjf.at\/club\/wp-content\/uploads\/sites\/34\/2025\/09\/juz.png 1947w\" sizes=\"(max-width: 800px) 100vw, 800px\" \/>\t\t\t\t\t\t\t\t\t\t\t\t\t\t\t<\/div>\n\t\t\t\t<\/div>\n\t\t\t\t<\/div>\n\t\t<div class=\"elementor-element elementor-element-64c5043b e-con-full e-flex e-con e-child\" data-id=\"64c5043b\" data-element_type=\"container\" data-e-type=\"container\">\n\t\t\t\t<div class=\"elementor-element elementor-element-479bb1a elementor-align-start elementor-icon-list--layout-traditional elementor-list-item-link-full_width elementor-widget elementor-widget-icon-list\" data-id=\"479bb1a\" data-element_type=\"widget\" data-e-type=\"widget\" data-widget_type=\"icon-list.default\">\n\t\t\t\t<div class=\"elementor-widget-container\">\n\t\t\t\t\t\t\t<ul class=\"elementor-icon-list-items\">\n\t\t\t\t\t\t\t<li class=\"elementor-icon-list-item\">\n\t\t\t\t\t\t\t\t\t\t<span class=\"elementor-icon-list-text\"><b>Address:<\/b> Kremsm\u00fcnstererstra\u00dfe 3, 4030 Linz<\/span>\n\t\t\t\t\t\t\t\t\t<\/li>\n\t\t\t\t\t\t\t\t<li class=\"elementor-icon-list-item\">\n\t\t\t\t\t\t\t\t\t\t<span class=\"elementor-icon-list-text\"><b>\u00d6ffnungszeiten:<\/b> Di &amp; Mi 14.00 - 20.00, Do 15.00 - 20.00, Fr &amp; Sa 14.00-20.00<\/span>\n\t\t\t\t\t\t\t\t\t<\/li>\n\t\t\t\t\t\t\t\t<li class=\"elementor-icon-list-item\">\n\t\t\t\t\t\t\t\t\t\t<span class=\"elementor-icon-list-text\"><b>Telefon:<\/b> 0043 6507730346<\/span>\n\t\t\t\t\t\t\t\t\t<\/li>\n\t\t\t\t\t\t\t\t<li class=\"elementor-icon-list-item\">\n\t\t\t\t\t\t\t\t\t\t<span class=\"elementor-icon-list-text\"><b>Email:<\/b> club@vjf.at<\/span>\n\t\t\t\t\t\t\t\t\t<\/li>\n\t\t\t\t\t\t<\/ul>\n\t\t\t\t\t\t<\/div>\n\t\t\t\t<\/div>\n\t\t\t\t<\/div>\n\t\t\t\t<\/div>\n\t\t<div class=\"elementor-element elementor-element-79311bd9 e-con-full e-flex e-con e-parent\" data-id=\"79311bd9\" data-element_type=\"container\" data-e-type=\"container\">\n\t\t<div class=\"elementor-element elementor-element-ca7cf39 e-con-full e-flex e-con e-child\" data-id=\"ca7cf39\" data-element_type=\"container\" data-e-type=\"container\" data-settings=\"{&quot;background_background&quot;:&quot;classic&quot;}\">\n\t\t\t\t<div class=\"elementor-element elementor-element-0b843ca elementor-widget__width-initial elementor-widget elementor-widget-google_maps\" data-id=\"0b843ca\" data-element_type=\"widget\" data-e-type=\"widget\" data-widget_type=\"google_maps.default\">\n\t\t\t\t<div class=\"elementor-widget-container\">\n\t\t\t\t\t\t\t<div class=\"elementor-custom-embed\">\n\t\t\t<iframe loading=\"lazy\"\n\t\t\t\t\tsrc=\"https:\/\/maps.google.com\/maps?q=Kremsm%C3%BCnstererstra%C3%9Fe%203%2C%204030%20Linz&#038;t=m&#038;z=12&#038;output=embed&#038;iwloc=near\"\n\t\t\t\t\ttitle=\"Kremsm\u00fcnstererstra\u00dfe 3, 4030 Linz\"\n\t\t\t\t\taria-label=\"Kremsm\u00fcnstererstra\u00dfe 3, 4030 Linz\"\n\t\t\t><\/iframe>\n\t\t<\/div>\n\t\t\t\t\t\t<\/div>\n\t\t\t\t<\/div>\n\t\t\t\t<\/div>\n\t\t<div class=\"elementor-element elementor-element-46d12e9 e-con-full e-flex e-con e-child\" data-id=\"46d12e9\" data-element_type=\"container\" data-e-type=\"container\">\n\t\t\t\t<div class=\"elementor-element elementor-element-71f05120 elementor-widget elementor-widget-heading\" data-id=\"71f05120\" data-element_type=\"widget\" data-e-type=\"widget\" data-widget_type=\"heading.default\">\n\t\t\t\t<div class=\"elementor-widget-container\">\n\t\t\t\t\t<h2 class=\"elementor-heading-title elementor-size-default\">Hier sind wir<\/h2>\t\t\t\t<\/div>\n\t\t\t\t<\/div>\n\t\t\t\t<div class=\"elementor-element elementor-element-6ff9631b elementor-widget elementor-widget-icon-box\" data-id=\"6ff9631b\" data-element_type=\"widget\" data-e-type=\"widget\" data-widget_type=\"icon-box.default\">\n\t\t\t\t<div class=\"elementor-widget-container\">\n\t\t\t\t\t\t\t<div class=\"elementor-icon-box-wrapper\">\n\n\t\t\t\n\t\t\t\t\t\t<div class=\"elementor-icon-box-content\">\n\n\t\t\t\t\t\t\t\t\t<h4 class=\"elementor-icon-box-title\">\n\t\t\t\t\t\t<span  >\n\t\t\t\t\t\t\tAdresse:\t\t\t\t\t\t<\/span>\n\t\t\t\t\t<\/h4>\n\t\t\t\t\n\t\t\t\t\t\t\t\t\t<p class=\"elementor-icon-box-description\">\n\t\t\t\t\t\tKremsm\u00fcnstererstra\u00dfe 3,\n4030 Linz.\n\nDu kannst uns gut mit der Stra\u00dfenbahn Linie 2, Haltestelle Hauderweg, erreichen.\t\t\t\t\t<\/p>\n\t\t\t\t\n\t\t\t<\/div>\n\t\t\t\n\t\t<\/div>\n\t\t\t\t\t\t<\/div>\n\t\t\t\t<\/div>\n\t\t\t\t<div class=\"elementor-element elementor-element-691ed661 elementor-align-center elementor-widget elementor-widget-button\" data-id=\"691ed661\" data-element_type=\"widget\" data-e-type=\"widget\" data-widget_type=\"button.default\">\n\t\t\t\t<div class=\"elementor-widget-container\">\n\t\t\t\t\t\t\t\t\t<div class=\"elementor-button-wrapper\">\n\t\t\t\t\t<a class=\"elementor-button elementor-button-link elementor-size-sm\" href=\"https:\/\/www.linzag.at\/portal\/de\/privatkunden\/unterwegs\/fahrplanauskunft\/trip?lng=de\">\n\t\t\t\t\t\t<span class=\"elementor-button-content-wrapper\">\n\t\t\t\t\t\t\t\t\t<span class=\"elementor-button-text\">Fahrplan der Linz Linien<\/span>\n\t\t\t\t\t<\/span>\n\t\t\t\t\t<\/a>\n\t\t\t\t<\/div>\n\t\t\t\t\t\t\t\t<\/div>\n\t\t\t\t<\/div>\n\t\t\t\t<\/div>\n\t\t\t\t<\/div>\n\t\t\t\t<\/div>\n\t\t","protected":false},"excerpt":{"rendered":"<p>Kontaktiere uns Wir freuen uns, wenn du uns kontaktierst, oder zu den \u00d6ffnungszeiten im Jugendzentrum vorbeischaust. Address: Kremsm\u00fcnstererstra\u00dfe 3, 4030 Linz \u00d6ffnungszeiten: Di &#038; Mi 14.00 &#8211; 20.00, Do 15.00 &#8211; 20.00, Fr &#038; Sa 14.00-20.00 Telefon: 0043 6507730346 Email: club@vjf.at Hier sind wir Adresse: Kremsm\u00fcnstererstra\u00dfe 3, 4030 Linz. Du kannst uns gut mit der [&hellip;]<\/p>\n","protected":false},"author":1,"featured_media":0,"parent":0,"menu_order":0,"comment_status":"closed","ping_status":"closed","template":"","meta":{"_acf_changed":false,"footnotes":""},"class_list":["post-102","page","type-page","status-publish","hentry"],"acf":[],"_links":{"self":[{"href":"https:\/\/vjf.at\/club\/wp-json\/wp\/v2\/pages\/102","targetHints":{"allow":["GET"]}}],"collection":[{"href":"https:\/\/vjf.at\/club\/wp-json\/wp\/v2\/pages"}],"about":[{"href":"https:\/\/vjf.at\/club\/wp-json\/wp\/v2\/types\/page"}],"author":[{"embeddable":true,"href":"https:\/\/vjf.at\/club\/wp-json\/wp\/v2\/users\/1"}],"replies":[{"embeddable":true,"href":"https:\/\/vjf.at\/club\/wp-json\/wp\/v2\/comments?post=102"}],"version-history":[{"count":0,"href":"https:\/\/vjf.at\/club\/wp-json\/wp\/v2\/pages\/102\/revisions"}],"wp:attachment":[{"href":"https:\/\/vjf.at\/club\/wp-json\/wp\/v2\/media?parent=102"}],"curies":[{"name":"wp","href":"https:\/\/api.w.org\/{rel}","templated":true}]}}