{"id":791,"date":"2016-11-16T12:42:05","date_gmt":"2016-11-16T11:42:05","guid":{"rendered":"https:\/\/vjf.at\/bgf\/?page_id=791"},"modified":"2016-11-16T13:53:34","modified_gmt":"2016-11-16T12:53:34","slug":"uebungen-und-tips","status":"publish","type":"page","link":"https:\/\/vjf.at\/bgf\/uebungen-und-tips\/","title":{"rendered":"\u00dcbungen und Tips"},"content":{"rendered":"<p>Auf dieser Seite findet ihr \u00dcbungen und Tips, die euch helfen k\u00f6nnen eure Gesundheit am Arbeitsplatz zu erhalten.<\/p>\n<p>&nbsp;<\/p>\n","protected":false},"excerpt":{"rendered":"<p>Auf dieser Seite findet ihr \u00dcbungen und Tips, die euch helfen k\u00f6nnen eure Gesundheit am Arbeitsplatz zu erhalten. &nbsp;<\/p>\n","protected":false},"author":1,"featured_media":0,"parent":0,"menu_order":0,"comment_status":"closed","ping_status":"closed","template":"","meta":{"_acf_changed":false,"footnotes":""},"class_list":["post-791","page","type-page","status-publish","hentry"],"acf":[],"_links":{"self":[{"href":"https:\/\/vjf.at\/bgf\/wp-json\/wp\/v2\/pages\/791","targetHints":{"allow":["GET"]}}],"collection":[{"href":"https:\/\/vjf.at\/bgf\/wp-json\/wp\/v2\/pages"}],"about":[{"href":"https:\/\/vjf.at\/bgf\/wp-json\/wp\/v2\/types\/page"}],"author":[{"embeddable":true,"href":"https:\/\/vjf.at\/bgf\/wp-json\/wp\/v2\/users\/1"}],"replies":[{"embeddable":true,"href":"https:\/\/vjf.at\/bgf\/wp-json\/wp\/v2\/comments?post=791"}],"version-history":[{"count":0,"href":"https:\/\/vjf.at\/bgf\/wp-json\/wp\/v2\/pages\/791\/revisions"}],"wp:attachment":[{"href":"https:\/\/vjf.at\/bgf\/wp-json\/wp\/v2\/media?parent=791"}],"curies":[{"name":"wp","href":"https:\/\/api.w.org\/{rel}","templated":true}]}}