{"id":1758,"date":"2019-04-11T14:16:34","date_gmt":"2019-04-11T12:16:34","guid":{"rendered":"https:\/\/vjf.at\/atlantis\/?page_id=1758"},"modified":"2025-09-22T09:10:56","modified_gmt":"2025-09-22T07:10:56","slug":"find-us","status":"publish","type":"page","link":"https:\/\/vjf.at\/atlantis\/find-us\/","title":{"rendered":"Kontakt"},"content":{"rendered":"\t\t<div data-elementor-type=\"wp-page\" data-elementor-id=\"1758\" class=\"elementor elementor-1758\" data-elementor-post-type=\"page\">\n\t\t\t\t<header class=\"elementor-element elementor-element-7da44490 e-con-full e-flex e-con e-parent\" data-id=\"7da44490\" data-element_type=\"container\" data-e-type=\"container\">\n\t\t<div class=\"elementor-element elementor-element-301289a6 e-con-full e-flex e-con e-child\" data-id=\"301289a6\" data-element_type=\"container\" data-e-type=\"container\">\n\t\t\t\t<div class=\"elementor-element elementor-element-71815434 elementor-widget__width-initial elementor-widget elementor-widget-image\" data-id=\"71815434\" data-element_type=\"widget\" data-e-type=\"widget\" data-widget_type=\"image.default\">\n\t\t\t\t<div class=\"elementor-widget-container\">\n\t\t\t\t\t\t\t\t\t\t\t\t\t\t\t<img fetchpriority=\"high\" decoding=\"async\" width=\"946\" height=\"335\" src=\"https:\/\/vjf.at\/atlantis\/wp-content\/uploads\/sites\/28\/2024\/11\/Logo_atlantis_web.png\" class=\"attachment-full size-full wp-image-5650\" alt=\"\" srcset=\"https:\/\/vjf.at\/atlantis\/wp-content\/uploads\/sites\/28\/2024\/11\/Logo_atlantis_web.png 946w, https:\/\/vjf.at\/atlantis\/wp-content\/uploads\/sites\/28\/2024\/11\/Logo_atlantis_web-300x106.png 300w, https:\/\/vjf.at\/atlantis\/wp-content\/uploads\/sites\/28\/2024\/11\/Logo_atlantis_web-150x53.png 150w, https:\/\/vjf.at\/atlantis\/wp-content\/uploads\/sites\/28\/2024\/11\/Logo_atlantis_web-768x272.png 768w\" sizes=\"(max-width: 946px) 100vw, 946px\" \/>\t\t\t\t\t\t\t\t\t\t\t\t\t\t\t<\/div>\n\t\t\t\t<\/div>\n\t\t\t\t<\/div>\n\t\t\t\t<\/header>\n\t\t<div class=\"elementor-element elementor-element-5c32489b e-con-full e-flex e-con e-parent\" data-id=\"5c32489b\" data-element_type=\"container\" data-e-type=\"container\">\n\t\t<div class=\"elementor-element elementor-element-6804b43 e-con-full e-flex e-con e-child\" data-id=\"6804b43\" data-element_type=\"container\" data-e-type=\"container\">\n\t\t\t\t<div class=\"elementor-element elementor-element-19922e86 elementor-widget elementor-widget-heading\" data-id=\"19922e86\" data-element_type=\"widget\" data-e-type=\"widget\" data-widget_type=\"heading.default\">\n\t\t\t\t<div class=\"elementor-widget-container\">\n\t\t\t\t\t<h1 class=\"elementor-heading-title elementor-size-default\">Kontaktiere uns<\/h1>\t\t\t\t<\/div>\n\t\t\t\t<\/div>\n\t\t\t\t<div class=\"elementor-element elementor-element-767c9eaa elementor-widget elementor-widget-text-editor\" data-id=\"767c9eaa\" data-element_type=\"widget\" data-e-type=\"widget\" data-widget_type=\"text-editor.default\">\n\t\t\t\t<div class=\"elementor-widget-container\">\n\t\t\t\t\t\t\t\t\t<p>Wir freuen uns, wenn du uns kontaktierst, oder zu den \u00d6ffnungszeiten im Jugendzentrum vorbeischaust.<\/p>\t\t\t\t\t\t\t\t<\/div>\n\t\t\t\t<\/div>\n\t\t\t\t<\/div>\n\t\t<div class=\"elementor-element elementor-element-1d9f2104 e-con-full e-flex e-con e-child\" data-id=\"1d9f2104\" data-element_type=\"container\" data-e-type=\"container\" data-settings=\"{&quot;background_background&quot;:&quot;classic&quot;}\">\n\t\t\t\t<div class=\"elementor-element elementor-element-7000ccab elementor-widget elementor-widget-image\" data-id=\"7000ccab\" data-element_type=\"widget\" data-e-type=\"widget\" data-widget_type=\"image.default\">\n\t\t\t\t<div class=\"elementor-widget-container\">\n\t\t\t\t\t\t\t\t\t\t\t\t\t\t\t<img decoding=\"async\" width=\"1125\" height=\"1277\" src=\"https:\/\/vjf.at\/atlantis\/wp-content\/uploads\/sites\/28\/2025\/04\/IMG-20250403-WA0006-e1743679525132.jpg\" class=\"attachment-full size-full wp-image-5966\" alt=\"\" srcset=\"https:\/\/vjf.at\/atlantis\/wp-content\/uploads\/sites\/28\/2025\/04\/IMG-20250403-WA0006-e1743679525132.jpg 1125w, https:\/\/vjf.at\/atlantis\/wp-content\/uploads\/sites\/28\/2025\/04\/IMG-20250403-WA0006-e1743679525132-264x300.jpg 264w, https:\/\/vjf.at\/atlantis\/wp-content\/uploads\/sites\/28\/2025\/04\/IMG-20250403-WA0006-e1743679525132-902x1024.jpg 902w, https:\/\/vjf.at\/atlantis\/wp-content\/uploads\/sites\/28\/2025\/04\/IMG-20250403-WA0006-e1743679525132-132x150.jpg 132w, https:\/\/vjf.at\/atlantis\/wp-content\/uploads\/sites\/28\/2025\/04\/IMG-20250403-WA0006-e1743679525132-768x872.jpg 768w\" sizes=\"(max-width: 1125px) 100vw, 1125px\" \/>\t\t\t\t\t\t\t\t\t\t\t\t\t\t\t<\/div>\n\t\t\t\t<\/div>\n\t\t\t\t<\/div>\n\t\t\t\t<\/div>\n\t\t<div class=\"elementor-element elementor-element-1c4e057b e-con-full e-flex e-con e-parent\" data-id=\"1c4e057b\" data-element_type=\"container\" data-e-type=\"container\" data-settings=\"{&quot;background_background&quot;:&quot;classic&quot;}\">\n\t\t<div class=\"elementor-element elementor-element-15de2ed0 e-con-full e-flex e-con e-child\" data-id=\"15de2ed0\" data-element_type=\"container\" data-e-type=\"container\">\n\t\t\t\t<div class=\"elementor-element elementor-element-4ddf3cc9 elementor-widget elementor-widget-image\" data-id=\"4ddf3cc9\" data-element_type=\"widget\" data-e-type=\"widget\" data-widget_type=\"image.default\">\n\t\t\t\t<div class=\"elementor-widget-container\">\n\t\t\t\t\t\t\t\t\t\t\t\t\t\t\t<img decoding=\"async\" width=\"800\" height=\"395\" src=\"https:\/\/vjf.at\/atlantis\/wp-content\/uploads\/sites\/28\/2025\/09\/old-wall.png\" class=\"attachment-large size-large wp-image-6220\" alt=\"\" srcset=\"https:\/\/vjf.at\/atlantis\/wp-content\/uploads\/sites\/28\/2025\/09\/old-wall.png 838w, https:\/\/vjf.at\/atlantis\/wp-content\/uploads\/sites\/28\/2025\/09\/old-wall-300x148.png 300w, https:\/\/vjf.at\/atlantis\/wp-content\/uploads\/sites\/28\/2025\/09\/old-wall-150x74.png 150w, https:\/\/vjf.at\/atlantis\/wp-content\/uploads\/sites\/28\/2025\/09\/old-wall-768x379.png 768w\" sizes=\"(max-width: 800px) 100vw, 800px\" \/>\t\t\t\t\t\t\t\t\t\t\t\t\t\t\t<\/div>\n\t\t\t\t<\/div>\n\t\t\t\t<\/div>\n\t\t<div class=\"elementor-element elementor-element-63f90966 e-con-full e-flex e-con e-child\" data-id=\"63f90966\" data-element_type=\"container\" data-e-type=\"container\">\n\t\t\t\t<div class=\"elementor-element elementor-element-7f639897 elementor-align-start elementor-icon-list--layout-traditional elementor-list-item-link-full_width elementor-widget elementor-widget-icon-list\" data-id=\"7f639897\" data-element_type=\"widget\" data-e-type=\"widget\" data-widget_type=\"icon-list.default\">\n\t\t\t\t<div class=\"elementor-widget-container\">\n\t\t\t\t\t\t\t<ul class=\"elementor-icon-list-items\">\n\t\t\t\t\t\t\t<li class=\"elementor-icon-list-item\">\n\t\t\t\t\t\t\t\t\t\t<span class=\"elementor-icon-list-text\"><b>Address:<\/b> Landwiedstra\u00dfe 65, 4020 Linz<\/span>\n\t\t\t\t\t\t\t\t\t<\/li>\n\t\t\t\t\t\t\t\t<li class=\"elementor-icon-list-item\">\n\t\t\t\t\t\t\t\t\t\t<span class=\"elementor-icon-list-text\"><b>\u00d6ffnungszeiten:<\/b> <br>Di - Fr  14.00 - 20.00, Samstag  13.00 - 20.00<\/span>\n\t\t\t\t\t\t\t\t\t<\/li>\n\t\t\t\t\t\t\t\t<li class=\"elementor-icon-list-item\">\n\t\t\t\t\t\t\t\t\t\t<span class=\"elementor-icon-list-text\"><b>Telefon:<\/b> 0043 650 7730358<\/span>\n\t\t\t\t\t\t\t\t\t<\/li>\n\t\t\t\t\t\t\t\t<li class=\"elementor-icon-list-item\">\n\t\t\t\t\t\t\t\t\t\t<span class=\"elementor-icon-list-text\"><b>Email:<\/b> atlantis@vjf.at<\/span>\n\t\t\t\t\t\t\t\t\t<\/li>\n\t\t\t\t\t\t<\/ul>\n\t\t\t\t\t\t<\/div>\n\t\t\t\t<\/div>\n\t\t\t\t<\/div>\n\t\t\t\t<\/div>\n\t\t<div class=\"elementor-element elementor-element-61ca14c6 e-con-full e-flex e-con e-parent\" data-id=\"61ca14c6\" data-element_type=\"container\" data-e-type=\"container\">\n\t\t<div class=\"elementor-element elementor-element-35c24545 e-con-full e-flex e-con e-child\" data-id=\"35c24545\" data-element_type=\"container\" data-e-type=\"container\" data-settings=\"{&quot;background_background&quot;:&quot;classic&quot;}\">\n\t\t\t\t<div class=\"elementor-element elementor-element-6c358195 elementor-widget__width-initial elementor-widget elementor-widget-image\" data-id=\"6c358195\" data-element_type=\"widget\" data-e-type=\"widget\" data-widget_type=\"image.default\">\n\t\t\t\t<div class=\"elementor-widget-container\">\n\t\t\t\t\t\t\t\t\t\t\t\t\t\t\t<img loading=\"lazy\" decoding=\"async\" width=\"5906\" height=\"5906\" src=\"https:\/\/vjf.at\/atlantis\/wp-content\/uploads\/sites\/28\/2024\/05\/Weg-ins-Atlantis_web.png\" class=\"attachment-full size-full wp-image-5222\" alt=\"\" srcset=\"https:\/\/vjf.at\/atlantis\/wp-content\/uploads\/sites\/28\/2024\/05\/Weg-ins-Atlantis_web.png 5906w, https:\/\/vjf.at\/atlantis\/wp-content\/uploads\/sites\/28\/2024\/05\/Weg-ins-Atlantis_web-300x300.png 300w, https:\/\/vjf.at\/atlantis\/wp-content\/uploads\/sites\/28\/2024\/05\/Weg-ins-Atlantis_web-1024x1024.png 1024w, https:\/\/vjf.at\/atlantis\/wp-content\/uploads\/sites\/28\/2024\/05\/Weg-ins-Atlantis_web-150x150.png 150w, https:\/\/vjf.at\/atlantis\/wp-content\/uploads\/sites\/28\/2024\/05\/Weg-ins-Atlantis_web-768x768.png 768w, https:\/\/vjf.at\/atlantis\/wp-content\/uploads\/sites\/28\/2024\/05\/Weg-ins-Atlantis_web-1536x1536.png 1536w, https:\/\/vjf.at\/atlantis\/wp-content\/uploads\/sites\/28\/2024\/05\/Weg-ins-Atlantis_web-2048x2048.png 2048w\" sizes=\"(max-width: 5906px) 100vw, 5906px\" \/>\t\t\t\t\t\t\t\t\t\t\t\t\t\t\t<\/div>\n\t\t\t\t<\/div>\n\t\t\t\t<\/div>\n\t\t<div class=\"elementor-element elementor-element-1c1cd175 e-con-full e-flex e-con e-child\" data-id=\"1c1cd175\" data-element_type=\"container\" data-e-type=\"container\">\n\t\t\t\t<div class=\"elementor-element elementor-element-15885d3a elementor-widget elementor-widget-heading\" data-id=\"15885d3a\" data-element_type=\"widget\" data-e-type=\"widget\" data-widget_type=\"heading.default\">\n\t\t\t\t<div class=\"elementor-widget-container\">\n\t\t\t\t\t<h2 class=\"elementor-heading-title elementor-size-default\">Hier sind wir<\/h2>\t\t\t\t<\/div>\n\t\t\t\t<\/div>\n\t\t\t\t<div class=\"elementor-element elementor-element-2fd0693f elementor-widget elementor-widget-icon-box\" data-id=\"2fd0693f\" data-element_type=\"widget\" data-e-type=\"widget\" data-widget_type=\"icon-box.default\">\n\t\t\t\t<div class=\"elementor-widget-container\">\n\t\t\t\t\t\t\t<div class=\"elementor-icon-box-wrapper\">\n\n\t\t\t\n\t\t\t\t\t\t<div class=\"elementor-icon-box-content\">\n\n\t\t\t\t\t\t\t\t\t<h4 class=\"elementor-icon-box-title\">\n\t\t\t\t\t\t<span  >\n\t\t\t\t\t\t\tAdresse:\t\t\t\t\t\t<\/span>\n\t\t\t\t\t<\/h4>\n\t\t\t\t\n\t\t\t\t\t\t\t\t\t<p class=\"elementor-icon-box-description\">\n\t\t\t\t\t\tLandwiedstra\u00dfe 65\n4020 Linz.\n\nDu kannst uns gut mit dem Bus Linie 12 erreichen.\nHaltestelle-&gt; Meggauerstra\u00dfe\t\t\t\t\t<\/p>\n\t\t\t\t\n\t\t\t<\/div>\n\t\t\t\n\t\t<\/div>\n\t\t\t\t\t\t<\/div>\n\t\t\t\t<\/div>\n\t\t\t\t<\/div>\n\t\t\t\t<\/div>\n\t\t\t\t<\/div>\n\t\t","protected":false},"excerpt":{"rendered":"<p>Kontaktiere uns Wir freuen uns, wenn du uns kontaktierst, oder zu den \u00d6ffnungszeiten im Jugendzentrum vorbeischaust. Address: Landwiedstra\u00dfe 65, 4020 Linz \u00d6ffnungszeiten: Di &#8211; Fr 14.00 &#8211; 20.00, Samstag 13.00 &#8211; 20.00 Telefon: 0043 650 7730358 Email: atlantis@vjf.at Hier sind wir Adresse: Landwiedstra\u00dfe 65 4020 Linz. Du kannst uns gut mit dem Bus Linie 12 [&hellip;]<\/p>\n","protected":false},"author":1,"featured_media":0,"parent":0,"menu_order":0,"comment_status":"closed","ping_status":"closed","template":"","meta":{"_acf_changed":false,"footnotes":""},"class_list":["post-1758","page","type-page","status-publish","hentry"],"acf":[],"_links":{"self":[{"href":"https:\/\/vjf.at\/atlantis\/wp-json\/wp\/v2\/pages\/1758","targetHints":{"allow":["GET"]}}],"collection":[{"href":"https:\/\/vjf.at\/atlantis\/wp-json\/wp\/v2\/pages"}],"about":[{"href":"https:\/\/vjf.at\/atlantis\/wp-json\/wp\/v2\/types\/page"}],"author":[{"embeddable":true,"href":"https:\/\/vjf.at\/atlantis\/wp-json\/wp\/v2\/users\/1"}],"replies":[{"embeddable":true,"href":"https:\/\/vjf.at\/atlantis\/wp-json\/wp\/v2\/comments?post=1758"}],"version-history":[{"count":0,"href":"https:\/\/vjf.at\/atlantis\/wp-json\/wp\/v2\/pages\/1758\/revisions"}],"wp:attachment":[{"href":"https:\/\/vjf.at\/atlantis\/wp-json\/wp\/v2\/media?parent=1758"}],"curies":[{"name":"wp","href":"https:\/\/api.w.org\/{rel}","templated":true}]}}